{"id":302,"date":"2020-09-13T04:38:04","date_gmt":"2020-09-13T04:38:04","guid":{"rendered":"https:\/\/www.euslots.com\/se\/?page_id=302"},"modified":"2020-10-29T15:46:51","modified_gmt":"2020-10-29T15:46:51","slug":"hyper-casino","status":"publish","type":"page","link":"https:\/\/www.euslots.com\/se\/eu-slots-casino\/hyper-casino\/","title":{"rendered":"Hyper Casino"},"content":{"rendered":"\n<h2 id=\"block-0c3324cb-9154-452a-9607-53a29c33688d\">Om Hyper Casino<\/h2>\n\n\n\n<p><a href=\"\/se\/eu-slots-casino\/hyper-casino\/\">Hyper Casino<\/a> \u00e4r ett fulladdat nytt Casino som ger dig en elektrisk online spelupplevelse. De har \u00f6ver 700 spela i sitt bibliotek och som inneh\u00e5ller h\u00f6g kvalitet och slots med h\u00f6g RTP, dessutom kan du spela i deras Live casino och \u00e4ven spela spelet Slingo. Med licens fr\u00e5n GC, Spelinspektionen och MGA kan du vara s\u00e4ker p\u00e5 att du kommer bli behandlad r\u00e4ttvist.<\/p>\n\n\n\n<p>Vi \u00e4lskar energin som detta Casino ger oss, l\u00e4s mer i v\u00e5r recension!<\/p>\n\n\n\n<h2 id=\"block-da31ea8c-883d-4624-bdef-40c18036c8c1\">Hyper Casino Slots Bonus<\/h2>\n\n\n\n<p id=\"block-6875d1cd-7508-41bc-8c1b-b225b6b952a3\"><strong>Hela 3000 kr v\u00e4lkomstpaket som lyder: 100% upp till 1000 kr p\u00e5 din f\u00f6rsta ins\u00e4ttning, 50 % upp till 2000 kr p\u00e5 din andra ins\u00e4ttning.<\/strong><\/p>\n\n\n\n<p>Du kan ta del utav hela 3000 kr \u00f6ver dina f\u00f6rsta tv\u00e5 ins\u00e4ttningar hos Hyper Casino. Du kan f\u00e5 hela 1000 kr extra p\u00e5 din f\u00f6rsta ins\u00e4ttning med en 100 % matchande bonus. Du kan sedan f\u00e5 upp till 2000 kr p\u00e5 din andra ins\u00e4ttning, men detta \u00e4r bara en 50 % match bonus. Du m\u00e5ste g\u00f6ra en minsta ins\u00e4ttning p\u00e5 100 kr p\u00e5 dina b\u00e5da ins\u00e4ttning f\u00f6r att ta del utav bonusen. Om du vill utnyttja det h\u00e4r erbjudande till fullo s\u00e5 m\u00e5ste du s\u00e4tta 1000 kr p\u00e5 din f\u00f6rsta ins\u00e4ttning och 4000 kr p\u00e5 din andra ins\u00e4ttning.<\/p>\n\n\n\n<p>Detta \u00e4r ett v\u00e4ldigt Gener\u00f6st <a href=\"\/se\/eu-slots-bonus\/\">EU slots bonus<\/a> erbjudande. De fulla paketen kan verkligen ge dig en stor balans att spela med. 50 kr \u00e4r maxbet per spin och du m\u00e5ste oms\u00e4tta bonusen 45x inom 30 dagar.<\/p>\n\n\n\n<h2 id=\"block-fed40daf-1e92-4c87-bac1-da16ce596f9c\">Hyper Casino Slots spelleverant\u00f6rer<\/h2>\n\n\n\n<p>Om du \u00e4r en spelare som \u00e4lskar slots s\u00e5 kommer du verkligen inte bli besviken p\u00e5 alla spel som finns. Detta <a href=\"\/se\/eu-slots-casino\/\">EU slots casino<\/a> har m\u00e4ngder med olika spelutvecklare och har en bra bit \u00f6ver 800 spel. Du kan spela spel fr\u00e5n Novomatic, Play\u00b4n Go, Microgaming, Blueprint och NetEnt.<\/p>\n\n\n\n<p>Du kan satsa dina pengar hos Hyper Casino och g\u00e5 d\u00e4rifr\u00e5n som en miljon\u00e4r om du tar hem en av de progressiva jackpotarna de erbjuder. Slots med sexsiffriga priser p\u00e5 spelen Mega Moolah, Isis och Mega Fortune. Du kan vinna mindre jackpots p\u00e5 spel som King Cashalot, Tunzamminu och Treasure Nile.<\/p>\n\n\n\n<p>Om vi tittar vidare p\u00e5 biblioteket s\u00e5 hittar du 3hjuls klassiker, 5hjuls video-slots och Megaways slots. Du kommer att hitta alla spelares favoritspel s\u00e5som Starburst, Bonanza och Immortal Romance. Hype Casino laddar upp deras batterier genom att introducera dig med nya slots varje m\u00e5nad. Om du skapar ett konto h\u00e4r kommer du att vara en av de f\u00f6rsta spelarna att testa de senaste spelen fr\u00e5n:<\/p>\n\n\n\n<ul id=\"block-5a422ccb-2fbb-49dd-a282-40a468e47d53\"><li>NYX<\/li><li>Big Time Gaming<\/li><li>Thunderkick<\/li><li>NextGen<\/li><li>&amp; more<\/li><\/ul>\n\n\n\n<h3 id=\"block-a8faa77f-6c07-4564-b43e-44a64ff24b70\">Andra Spel<\/h3>\n\n\n\n<p id=\"block-84cbef2d-0684-46a4-abb8-793f1175000e\">Ut\u00f6ver slots kan du \u00e4ven spela dessa spel hos Hyper Casino:<\/p>\n\n\n\n<ul id=\"block-da72cbc8-2b27-4816-9ad1-1a394002cd2c\"><li>Bordsspel<\/li><li>LiveCasino Spel<\/li><li>Slingo<\/li><li>Video Poker<\/li><li>Lotteri<\/li><\/ul>\n\n\n\n<h2 id=\"block-56bfb3fa-8635-4208-9652-1123d4a5233b\">Hyper Casino ins\u00e4ttningsmetoder<\/h2>\n\n\n\n<p id=\"block-ce36ed3f-8e87-4176-9fde-6b663632afea\">De tar bara ett f\u00e5 sekunder att fylla i registreringsformul\u00e4ret och du har \u00e4ven direkt ins\u00e4ttning tillg\u00e4ngligt via Trustly. Den minsta ins\u00e4ttning \u00e4r 100 kr som du kan s\u00e4tta in \u00e5t g\u00e5ngen. De \u00e4r mycket b\u00e4ttre j\u00e4mf\u00f6rt med andra online casinos som kr\u00e4ver minst 200 kr eller mer vid en ins\u00e4ttning. Vad som ocks\u00e5 \u00e4r bra med Hyper Casino \u00e4r att de inte tar ut n\u00e5gon transaktionsavgift n\u00e4r du g\u00f6r en ins\u00e4ttning eller uttag. Nedan kan du se vilka ins\u00e4ttningsmetoder du kan anv\u00e4nda dig utav:<\/p>\n\n\n\n<ul><li>PayPal<\/li><li>Interac<\/li><li>EcoPayz<\/li><li>Visa<\/li><li>Mastercard<\/li><li>Neteller<\/li><li>Skrill<\/li><li>Sofort<\/li><li>Trustly<\/li><li>Zimpler<\/li><li>Paysafecard<\/li><\/ul>\n\n\n\n<p>Du kan anv\u00e4nda m\u00e5nga av dessa metoder f\u00f6r att \u00e4ven g\u00f6ra uttag. Du kan \u00e4ven anv\u00e4nda dig utav en vanlig bank\u00f6verf\u00f6ring men de tar n\u00e5gra dagar innan pengarna kommer in p\u00e5 ditt spelarkonto.<\/p>\n","protected":false},"excerpt":{"rendered":"<p>Om Hyper Casino Hyper Casino \u00e4r ett fulladdat nytt Casino som ger dig en elektrisk online spelupplevelse. De har \u00f6ver 700 spela i sitt bibliotek och som inneh\u00e5ller h\u00f6g kvalitet och slots med h\u00f6g RTP, dessutom kan du spela i deras Live casino och \u00e4ven spela spelet Slingo. Med licens fr\u00e5n GC, Spelinspektionen och MGA [&hellip;]<\/p>\n","protected":false},"author":1,"featured_media":0,"parent":112,"menu_order":0,"comment_status":"closed","ping_status":"closed","template":"","meta":[],"yoast_head":"<!-- This site is optimized with the Yoast SEO Premium plugin v18.6 (Yoast SEO v19.0) - https:\/\/yoast.com\/wordpress\/plugins\/seo\/ -->\n<title>Hyper Casino | V\u00e4lkomstbonus &amp; Full Recension \u2013 EUSlots.com<\/title>\n<meta name=\"description\" content=\"3000 kr v\u00e4lkomstpaket hos Hyper Casino. L\u00e4s om bonusen, Spelleverant\u00f6rer och ins\u00e4ttningsmetoder och mycket mer i v\u00e5r recension.\" \/>\n<meta name=\"robots\" content=\"index, follow, max-snippet:-1, max-image-preview:large, max-video-preview:-1\" \/>\n<link rel=\"canonical\" href=\"https:\/\/www.euslots.com\/se\/eu-slots-casino\/hyper-casino\/\" \/>\n<meta property=\"og:locale\" content=\"en_US\" \/>\n<meta property=\"og:type\" content=\"article\" \/>\n<meta property=\"og:title\" content=\"Hyper Casino\" \/>\n<meta property=\"og:description\" content=\"3000 kr v\u00e4lkomstpaket hos Hyper Casino. L\u00e4s om bonusen, Spelleverant\u00f6rer och ins\u00e4ttningsmetoder och mycket mer i v\u00e5r recension.\" \/>\n<meta property=\"og:url\" content=\"https:\/\/www.euslots.com\/se\/eu-slots-casino\/hyper-casino\/\" \/>\n<meta property=\"og:site_name\" content=\"EU Slots\" \/>\n<meta property=\"article:modified_time\" content=\"2020-10-29T15:46:51+00:00\" \/>\n<meta name=\"twitter:card\" content=\"summary_large_image\" \/>\n<meta name=\"twitter:label1\" content=\"Est. reading time\" \/>\n\t<meta name=\"twitter:data1\" content=\"3 minutes\" \/>\n<script type=\"application\/ld+json\" class=\"yoast-schema-graph\">{\"@context\":\"https:\/\/schema.org\",\"@graph\":[{\"@type\":\"WebSite\",\"@id\":\"https:\/\/www.euslots.com\/se\/#website\",\"url\":\"https:\/\/www.euslots.com\/se\/\",\"name\":\"EU Slots\",\"description\":\"\",\"potentialAction\":[{\"@type\":\"SearchAction\",\"target\":{\"@type\":\"EntryPoint\",\"urlTemplate\":\"https:\/\/www.euslots.com\/se\/?s={search_term_string}\"},\"query-input\":\"required name=search_term_string\"}],\"inLanguage\":\"en-US\"},{\"@type\":\"WebPage\",\"@id\":\"https:\/\/www.euslots.com\/se\/eu-slots-casino\/hyper-casino\/#webpage\",\"url\":\"https:\/\/www.euslots.com\/se\/eu-slots-casino\/hyper-casino\/\",\"name\":\"Hyper Casino | V\u00e4lkomstbonus & Full Recension \u2013 EUSlots.com\",\"isPartOf\":{\"@id\":\"https:\/\/www.euslots.com\/se\/#website\"},\"datePublished\":\"2020-09-13T04:38:04+00:00\",\"dateModified\":\"2020-10-29T15:46:51+00:00\",\"description\":\"3000 kr v\u00e4lkomstpaket hos Hyper Casino. L\u00e4s om bonusen, Spelleverant\u00f6rer och ins\u00e4ttningsmetoder och mycket mer i v\u00e5r recension.\",\"breadcrumb\":{\"@id\":\"https:\/\/www.euslots.com\/se\/eu-slots-casino\/hyper-casino\/#breadcrumb\"},\"inLanguage\":\"en-US\",\"potentialAction\":[{\"@type\":\"ReadAction\",\"target\":[\"https:\/\/www.euslots.com\/se\/eu-slots-casino\/hyper-casino\/\"]}]},{\"@type\":\"BreadcrumbList\",\"@id\":\"https:\/\/www.euslots.com\/se\/eu-slots-casino\/hyper-casino\/#breadcrumb\",\"itemListElement\":[{\"@type\":\"ListItem\",\"position\":1,\"name\":\"Home\",\"item\":\"https:\/\/www.euslots.com\/se\/\"},{\"@type\":\"ListItem\",\"position\":2,\"name\":\"EU Slots Casino\",\"item\":\"https:\/\/www.euslots.com\/se\/eu-slots-casino\/\"},{\"@type\":\"ListItem\",\"position\":3,\"name\":\"Hyper Casino\"}]}]}<\/script>\n<!-- \/ Yoast SEO Premium plugin. -->","yoast_head_json":{"title":"Hyper Casino | V\u00e4lkomstbonus & Full Recension \u2013 EUSlots.com","description":"3000 kr v\u00e4lkomstpaket hos Hyper Casino. L\u00e4s om bonusen, Spelleverant\u00f6rer och ins\u00e4ttningsmetoder och mycket mer i v\u00e5r recension.","robots":{"index":"index","follow":"follow","max-snippet":"max-snippet:-1","max-image-preview":"max-image-preview:large","max-video-preview":"max-video-preview:-1"},"canonical":"https:\/\/www.euslots.com\/se\/eu-slots-casino\/hyper-casino\/","og_locale":"en_US","og_type":"article","og_title":"Hyper Casino","og_description":"3000 kr v\u00e4lkomstpaket hos Hyper Casino. L\u00e4s om bonusen, Spelleverant\u00f6rer och ins\u00e4ttningsmetoder och mycket mer i v\u00e5r recension.","og_url":"https:\/\/www.euslots.com\/se\/eu-slots-casino\/hyper-casino\/","og_site_name":"EU Slots","article_modified_time":"2020-10-29T15:46:51+00:00","twitter_card":"summary_large_image","twitter_misc":{"Est. reading time":"3 minutes"},"schema":{"@context":"https:\/\/schema.org","@graph":[{"@type":"WebSite","@id":"https:\/\/www.euslots.com\/se\/#website","url":"https:\/\/www.euslots.com\/se\/","name":"EU Slots","description":"","potentialAction":[{"@type":"SearchAction","target":{"@type":"EntryPoint","urlTemplate":"https:\/\/www.euslots.com\/se\/?s={search_term_string}"},"query-input":"required name=search_term_string"}],"inLanguage":"en-US"},{"@type":"WebPage","@id":"https:\/\/www.euslots.com\/se\/eu-slots-casino\/hyper-casino\/#webpage","url":"https:\/\/www.euslots.com\/se\/eu-slots-casino\/hyper-casino\/","name":"Hyper Casino | V\u00e4lkomstbonus & Full Recension \u2013 EUSlots.com","isPartOf":{"@id":"https:\/\/www.euslots.com\/se\/#website"},"datePublished":"2020-09-13T04:38:04+00:00","dateModified":"2020-10-29T15:46:51+00:00","description":"3000 kr v\u00e4lkomstpaket hos Hyper Casino. L\u00e4s om bonusen, Spelleverant\u00f6rer och ins\u00e4ttningsmetoder och mycket mer i v\u00e5r recension.","breadcrumb":{"@id":"https:\/\/www.euslots.com\/se\/eu-slots-casino\/hyper-casino\/#breadcrumb"},"inLanguage":"en-US","potentialAction":[{"@type":"ReadAction","target":["https:\/\/www.euslots.com\/se\/eu-slots-casino\/hyper-casino\/"]}]},{"@type":"BreadcrumbList","@id":"https:\/\/www.euslots.com\/se\/eu-slots-casino\/hyper-casino\/#breadcrumb","itemListElement":[{"@type":"ListItem","position":1,"name":"Home","item":"https:\/\/www.euslots.com\/se\/"},{"@type":"ListItem","position":2,"name":"EU Slots Casino","item":"https:\/\/www.euslots.com\/se\/eu-slots-casino\/"},{"@type":"ListItem","position":3,"name":"Hyper Casino"}]}]}},"_links":{"self":[{"href":"https:\/\/www.euslots.com\/se\/wp-json\/wp\/v2\/pages\/302"}],"collection":[{"href":"https:\/\/www.euslots.com\/se\/wp-json\/wp\/v2\/pages"}],"about":[{"href":"https:\/\/www.euslots.com\/se\/wp-json\/wp\/v2\/types\/page"}],"author":[{"embeddable":true,"href":"https:\/\/www.euslots.com\/se\/wp-json\/wp\/v2\/users\/1"}],"replies":[{"embeddable":true,"href":"https:\/\/www.euslots.com\/se\/wp-json\/wp\/v2\/comments?post=302"}],"version-history":[{"count":3,"href":"https:\/\/www.euslots.com\/se\/wp-json\/wp\/v2\/pages\/302\/revisions"}],"predecessor-version":[{"id":357,"href":"https:\/\/www.euslots.com\/se\/wp-json\/wp\/v2\/pages\/302\/revisions\/357"}],"up":[{"embeddable":true,"href":"https:\/\/www.euslots.com\/se\/wp-json\/wp\/v2\/pages\/112"}],"wp:attachment":[{"href":"https:\/\/www.euslots.com\/se\/wp-json\/wp\/v2\/media?parent=302"}],"curies":[{"name":"wp","href":"https:\/\/api.w.org\/{rel}","templated":true}]}}