{"id":2,"date":"2020-07-30T10:25:01","date_gmt":"2020-07-30T10:25:01","guid":{"rendered":"https:\/\/www.euslots.com\/se\/?page_id=2"},"modified":"2020-10-29T15:41:39","modified_gmt":"2020-10-29T15:41:39","slug":"sample-page","status":"publish","type":"page","link":"https:\/\/www.euslots.com\/se\/","title":{"rendered":"EU Slots"},"content":{"rendered":"<h2>Top 5 b\u00e4sta spelleverant\u00f6rerna i EU<\/h2>\nN\u00e4r du v\u00e4ljer en slot att spela p\u00e5 ett online casino s\u00e5 kommen du troligtvis inte att v\u00e4lja en gammal slot. Du kan r\u00e4kna in m\u00e5nga faktorer innan du v\u00e4ljer vilken slot du vill spela. Vissa spelare gillar att spela en slot med ett speciellt tema, andra gillar en specifik bonus funktion. Hur som helst, en av de viktigaste sakerna att ha i \u00e5tanke \u00e4r vilken spelleverant\u00f6r som har skapat slotmaskinen.\n\nKvalit\u00e9n p\u00e5 slots varierar v\u00e4ldigt mycket fr\u00e5n en spelleverant\u00f6r till en annan. Ungef\u00e4r lika mycket som en l\u00e4sare brukar h\u00e5lla sig till b\u00f6cker skrivna av en specifik f\u00f6rfattare, m\u00e5nga spelare v\u00e4ljer att endast spela slots fr\u00e5n en specifik spelleverant\u00f6r. Du v\u00e4njer dig vid hur deras slots fungerar, inst\u00e4llningarna, funktionerna och utbetalningarna. De Finns en l\u00e5ng lista p\u00e5 <a href=\"\/se\/eu-slots-spelleverantorer\/\">spelleverant\u00f6rer som skapar n\u00e5gra av EUs b\u00e4sta slots<\/a>. Nedan \u00e4r en top fem lista p\u00e5 spelleverant\u00f6rer.\n\n<div class=\"row mt-2 mb-4\"><div class=\"col-lg-auto col-md-6 col-sm-6 col-12 centered provider\">\n\t\t\t\t\t<div class=\"topbox\">\n\t\t\t\t\t\t<a href=\"\/se\/eu-slots-spelleverantorer\/netent-slots\/\" class=\"toplogo\"><img src=\"https:\/\/www.euslots.com\/se\/wp-content\/uploads\/2020\/07\/netent-logo.png\" alt=\"logo\" class=\"img-responsive\" \/><\/a>\n\t\t\t\t\t\t<div class=\"boxinfo pb-0\">\n\t\t\t\t\t\t\t<a href=\"\/se\/eu-slots-spelleverantorer\/netent-slots\/\" rel=\"nofllow\">\t\t\t\t\t\t\t\t\t\n\t\t\t\t\t\t\t\t<div class=\"btn\"><span>L\u00e4s mer<\/span><\/div><br \/>\n\t\t\t\t\t\t\t<\/a>\n\t\t\t\t\t\t<\/div>\n\t\t\t\t\t<\/div>\n\t\t\t\t<\/div>\n\t\t\t\t<div class=\"col-lg-auto col-md-6 col-sm-6 col-12 centered provider\">\n\t\t\t\t\t<div class=\"topbox\">\n\t\t\t\t\t\t<a href=\"\/se\/eu-slots-spelleverantorer\/novomatic\/\" class=\"toplogo\"><img src=\"https:\/\/www.euslots.com\/se\/wp-content\/uploads\/2020\/08\/novomatic.jpg\" alt=\"logo\" class=\"img-responsive\" \/><\/a>\n\t\t\t\t\t\t<div class=\"boxinfo pb-0\">\n\t\t\t\t\t\t\t<a href=\"\/se\/eu-slots-spelleverantorer\/novomatic\/\" rel=\"nofllow\">\t\t\t\t\t\t\t\t\t\n\t\t\t\t\t\t\t\t<div class=\"btn\"><span>L\u00e4s mer<\/span><\/div><br \/>\n\t\t\t\t\t\t\t<\/a>\n\t\t\t\t\t\t<\/div>\n\t\t\t\t\t<\/div>\n\t\t\t\t<\/div>\n\t\t\t\t<div class=\"col-lg-auto col-md-6 col-sm-6 col-12 centered provider\">\n\t\t\t\t\t<div class=\"topbox\">\n\t\t\t\t\t\t<a href=\"\/se\/eu-slots-spelleverantorer\/blueprint\/\" class=\"toplogo\"><img src=\"https:\/\/www.euslots.com\/se\/wp-content\/uploads\/2020\/08\/blueprint-gaming.jpg\" alt=\"logo\" class=\"img-responsive\" \/><\/a>\n\t\t\t\t\t\t<div class=\"boxinfo pb-0\">\n\t\t\t\t\t\t\t<a href=\"\/se\/eu-slots-spelleverantorer\/blueprint\/\" rel=\"nofllow\">\t\t\t\t\t\t\t\t\t\n\t\t\t\t\t\t\t\t<div class=\"btn\"><span>L\u00e4s mer<\/span><\/div><br \/>\n\t\t\t\t\t\t\t<\/a>\n\t\t\t\t\t\t<\/div>\n\t\t\t\t\t<\/div>\n\t\t\t\t<\/div>\n\t\t\t\t<div class=\"col-lg-auto col-md-6 col-sm-6 col-12 centered provider\">\n\t\t\t\t\t<div class=\"topbox\">\n\t\t\t\t\t\t<a href=\"\/se\/eu-slots-spelleverantorer\/microgaming\/\" class=\"toplogo\"><img src=\"https:\/\/www.euslots.com\/se\/wp-content\/uploads\/2020\/08\/microgaming.jpg\" alt=\"logo\" class=\"img-responsive\" \/><\/a>\n\t\t\t\t\t\t<div class=\"boxinfo pb-0\">\n\t\t\t\t\t\t\t<a href=\"\/se\/eu-slots-spelleverantorer\/microgaming\/\" rel=\"nofllow\">\t\t\t\t\t\t\t\t\t\n\t\t\t\t\t\t\t\t<div class=\"btn\"><span>L\u00e4s mer<\/span><\/div><br \/>\n\t\t\t\t\t\t\t<\/a>\n\t\t\t\t\t\t<\/div>\n\t\t\t\t\t<\/div>\n\t\t\t\t<\/div>\n\t\t\t\t<div class=\"col-lg-auto col-md-6 col-sm-6 col-12 centered provider\">\n\t\t\t\t\t<div class=\"topbox\">\n\t\t\t\t\t\t<a href=\"\/se\/eu-slots-spelleverantorer\/play-n-go\/\" class=\"toplogo\"><img src=\"https:\/\/www.euslots.com\/se\/wp-content\/uploads\/2020\/08\/play-n-go.jpg\" alt=\"logo\" class=\"img-responsive\" \/><\/a>\n\t\t\t\t\t\t<div class=\"boxinfo pb-0\">\n\t\t\t\t\t\t\t<a href=\"\/se\/eu-slots-spelleverantorer\/play-n-go\/\" rel=\"nofllow\">\t\t\t\t\t\t\t\t\t\n\t\t\t\t\t\t\t\t<div class=\"btn\"><span>L\u00e4s mer<\/span><\/div><br \/>\n\t\t\t\t\t\t\t<\/a>\n\t\t\t\t\t\t<\/div>\n\t\t\t\t\t<\/div>\n\t\t\t\t<\/div>\n\t\t\t\t<\/div>\n<ul>\n \t<li><a href=\"\/se\/eu-slots-spelleverantorer\/netent\/\">NetEnt<\/a><\/li>\n \t<li><a href=\"\/se\/eu-slots-spelleverantorer\/novomatic\/\">Novomatic<\/a><\/li>\n \t<li><a href=\"\/se\/eu-slots-spelleverantorer\/blueprint\/\">Blueprint Gaming<\/a><\/li>\n \t<li><a href=\"\/se\/eu-slots-spelleverantorer\/microgaming\/\">Microgaming<\/a><\/li>\n \t<li><a href=\"\/se\/eu-slots-spelleverantorer\/play-n-go\/\">Play&#8217;n Go<\/a><\/li>\n<\/ul>\n<h2>EU Slots Casinos<\/h2>\nVi spenderar mycket av v\u00e5r tid online. Fr\u00e5n shopping till Sociala medier och gambling. Du kan g\u00f6ra de fr\u00e5n din dator men \u00e4ven din mobil. <a href=\"\/se\/eu-slots-casino\/\">EU Slots casinos<\/a> \u00e4r hemsidor online d\u00e4r du kan spela de b\u00e4sta slotsen b\u00e5de gratis och med riktiga pengar. Du kan fortfarande g\u00e5 till de vanliga landbaserade casinos d\u00e4r du kan spela p\u00e5 \u201driktiga\u201d slotmaskiner, sk\u00e4rmarna \u00e4r dock digitaliserade och det \u00e4r mycket mer bekv\u00e4mt, l\u00e4mpligt och s\u00e4krare att spela online.\n\nOnline casinos som erbjuder EU slots m\u00e5ste f\u00f6lja strikta riktlinjer, s\u00e5 att du kan vara s\u00e4ker p\u00e5 att du spelar ett r\u00e4ttvist spel. Du kan spela gratis om du vill testa en slot. Sen, om du vill spela f\u00f6r riktiga pengar s\u00e5 kan du direkt s\u00e4tta in pengar via ditt betalkort eller via Trustly som \u00e4r en direkt bankins\u00e4ttning. De \u00e4r inte bara bekv\u00e4mare att spela online nu f\u00f6rtiden utan jackpotarna \u00e4r mycket st\u00f6rre ocks\u00e5!\n<h2 class=\"has-text-align-center\">EU Slots Bonus<\/h2>\nOvanp\u00e5 den \u00f6kande s\u00e4kerheten och st\u00f6rre progressiva jackpotar som inte \u00e4r tillg\u00e4ngliga p\u00e5 ett vanligt landbaserat casino, kan du ocks\u00e5 f\u00e5 ta del utav bonusar som online casinos ger ut. P\u00e5 ett landbaserat casino, kan du kanske f\u00e5 en gratis kaffe eller en toast, men online kan du f\u00e5 freespins eller gratis bonus pengar. Du kan anv\u00e4nda dessa <a href=\"\/se\/eu-slots-bonus\/\">EU slots bonusar<\/a> att spela p\u00e5 din favorit slot och till och med vinna riktiga pengar!\n\nH\u00e4r \u00e4r n\u00e5gra av de mest popul\u00e4ra bonusarna som spelare \u00e4lskar att l\u00e4gga sina h\u00e4nder p\u00e5:\n\n<!-- \/wp:paragraph -->\n\n<!-- wp:list -->\n<ul>\n \t<li>Bonus utan ins\u00e4ttning<\/li>\n \t<li>Freespins utan ins\u00e4ttning<\/li>\n \t<li>Free Spins<\/li>\n \t<li>Match Bonus<\/li>\n \t<li>Cashback<\/li>\n<\/ul>\n<!-- \/wp:list -->\n\n<!-- wp:heading {\"align\":\"center\"} -->\n<h2 class=\"has-text-align-center\">EU Slots Teoretisk \u00e5terbetalning<\/h2>\n<!-- \/wp:heading -->\n\n<!-- wp:paragraph {\"align\":\"left\"} -->\n\nDen teoretiska \u00e5terbetalningen, eller \u201dRTP\u201d som de f\u00f6rkortas, \u00e4r en given procent. Varje EU slot har ett RTP och den informationen finns tillg\u00e4nglig att l\u00e4sa p\u00e5 Licenserade Casinos. <a href=\"\/se\/eu-slots-rtp\/\">Eu slots RTP<\/a> \u00e4r testade f\u00f6r att f\u00f6rs\u00e4kra att slotsen betalar ut den procenten de framg\u00e5r att den ska g\u00f6ra.\n\nDessa procent \u00e4r endast genomsnitt och de \u00e4r utr\u00e4knat p\u00e5 m\u00e5nga miljoner spins. P\u00e5 en 97% teoretisk \u00e5terbetalning, kan du satsa 500 kr och r\u00e4kna att g\u00e5 d\u00e4rifr\u00e5n med 485 kr, men du kan faktiskt vinna mycket mer. Detta \u00e4r p\u00e5grund utav att den teoretiska betalningen endast \u00e4r ett genomsnitt p\u00e5 vinster och f\u00f6rluster.\n\nOm du letar efter att spela EU slots med den b\u00e4sta teoretiska \u00e5terbetalningen s\u00e5 ska du h\u00e5lla dig borta fr\u00e5n landbaserade casinos. Dom erbjuder de s\u00e4msta oddsen p\u00e5 sina spel och detta \u00e4r p\u00e5grund utav deras kostnad att driva casinot. Nu f\u00f6rtiden s\u00e5 spelar professionella gamblers p\u00e5 online casinos f\u00f6r dom vet att dom \u00e4r garanterade ett r\u00e4ttvist spel och en b\u00e4ttre teoretisk \u00e5terbetalning.\n\n<!-- \/wp:paragraph -->\n\n<!-- wp:heading {\"align\":\"center\"} -->\n<h2 class=\"has-text-align-center\">EU Slots Licenser<\/h2>\n<!-- \/wp:heading -->\n\n<!-- wp:paragraph {\"align\":\"left\"} -->\n<p class=\"has-text-align-left\">Om vi tittar p\u00e5 helheten s\u00e5 \u00e4r de mycket b\u00e4ttre att spela online \u00e4n att spela p\u00e5 ett landbaserat casino. Online casinos som erbjuder EU slots m\u00e5ste f\u00f6lja strikta regler. Dessutom erbjuder dom r\u00e4ttvisa och verifierade spel som har g\u00e5tt igenom den teoretiska \u00e5terbetalningen med m\u00e4ngder av tester.<\/p>\n<p class=\"has-text-align-left\">Online casinos \u00e4r ocks\u00e5 skyldiga att skydda s\u00e5rbara och spelberoende spelare. Du har inte alltid samma beskydd n\u00e4r du spelar p\u00e5 ett landbaserat casino. Online casinos \u00e4r reglerade av licenser och de \u00e4r skyldiga att ha relevanta licenser f\u00f6r att erbjuda EU slots f\u00f6r spelare i europa. Om ett casino har en licens fr\u00e5n en eller flera myndigheter s\u00e5 vet du att de \u00e4r s\u00e4kert att spela d\u00e4r.<\/p>\n<!-- \/wp:paragraph -->\n\n<!-- wp:paragraph -->\n\n<!-- \/wp:paragraph -->\n\n<!-- wp:list -->\n<ul>\n \t<li>Spelinspektionen (Sweden)<\/li>\n \t<li>Gambling Commission GC (Great Britain)<\/li>\n \t<li>Malta Gaming Authority MGA (Malta)<\/li>\n \t<li>DGO (Spain)<\/li>\n<\/ul>\n<!-- \/wp:list -->\n\n<!-- wp:heading {\"align\":\"center\"} -->\n<h2 class=\"has-text-align-center\">F.A.Q. about EUSlots<\/h2>\n<!-- \/wp:heading -->\n\n<!-- wp:yoast\/faq-block {\"questions\":[{\"id\":\"faq-question-1596109998756\",\"question\":[\"What is EUSlots.com?\"],\"answer\":[\"EUSlots.com is a site dedicated to all things EU Slots! We compare different slots and casinos to help you find the perfect games and sites where you can play them. Our recommendations are based on our expertise and experience.\"],\"jsonQuestion\":\"What is EUSlots.com?\",\"jsonAnswer\":\"EUSlots.com is a site dedicated to all things EU Slots! We compare different slots and casinos to help you find the perfect games and sites where you can play them. Our recommendations are based on our expertise and experience.\"},{\"id\":\"faq-question-1596110016684\",\"question\":[\"What information can I find at EUSlots.com?\"],\"answer\":[\"Browse through our site to find reviews of the best EU slots and casinos where you can play them online. You can also discover which developers make the top games and which slots pay out the most money.\"],\"jsonQuestion\":\"What information can I find at EUSlots.com?\",\"jsonAnswer\":\"Browse through our site to find reviews of the best EU slots and casinos where you can play them online. You can also discover which developers make the top games and which slots pay out the most money.\"},{\"id\":\"faq-question-1596110033105\",\"question\":[\"Can I play slots for real money at EUSlots.com?\"],\"answer\":[\"No, you can't play slots for real money at EUSlots but you can click through to one of our recommended casinos where you can play the games with real money wagers for the chance to win cash payouts!\"],\"jsonQuestion\":\"Can I play slots for real money at EUSlots.com?\",\"jsonAnswer\":\"No, you can't play slots for real money at EUSlots but you can click through to one of our recommended casinos where you can play the games with real money wagers for the chance to win cash payouts!\"},{\"id\":\"faq-question-1598285990250\",\"question\":[\"Who is EUSlots.com for?\"],\"answer\":[\"Any player who's looking for expert advice on the best slots, slot developers and casinos. \"],\"jsonQuestion\":\"Who is EUSlots.com for?\",\"jsonAnswer\":\"Any player who's looking for expert advice on the best slots, slot developers and casinos. \"},{\"id\":\"faq-question-1598601720888\",\"question\":[\"Is EU Slots trustworthy?\"],\"answer\":[\"Yes of course! We're dedicated to offering information about the best EU slot providers as well as licensed casinos where these slots can be played.\"],\"jsonQuestion\":\"Is EU Slots trustworthy?\",\"jsonAnswer\":\"Yes of course! We're dedicated to offering information about the best EU slot providers as well as licensed casinos where these slots can be played.\"}]} -->\n<div class=\"schema-faq wp-block-yoast-faq-block\">\n<div id=\"faq-question-1596109998756\" class=\"schema-faq-section\"><strong class=\"schema-faq-question\">VAD \u00c4R EUSLOTS.COM?<\/strong>\n<p class=\"schema-faq-answer\">EUslots.com \u00e4r en hemsida dedikerad till att j\u00e4mf\u00f6ra olika video slots och casinos f\u00f6r att hj\u00e4lpa dig hitta de perfekta spelet och hemsidan d\u00e4r du kan spela. V\u00e5ra rekommendationer \u00e4r baserade p\u00e5 v\u00e5ra egna erfarenheter och expertis.<\/p>\n\n<\/div>\n<div id=\"faq-question-1596110016684\" class=\"schema-faq-section\"><strong class=\"schema-faq-question\">VAD F\u00d6R INFORMATION KAN JAG HITTA P\u00c5 EUSLOTS.COM?<\/strong>\n<p class=\"schema-faq-answer\">Bl\u00e4ddra igenom v\u00e5r hemsida f\u00f6r att hitta var du kan spela, samt recensioner av de b\u00e4sta EU slots och casinos. Du kan \u00e4ven utforska spelutvecklare som g\u00f6r de b\u00e4sta spelen och de slots som betalar ut st\u00f6rst vinster.<\/p>\n\n<\/div>\n<div id=\"faq-question-1596110033105\" class=\"schema-faq-section\"><strong class=\"schema-faq-question\">KAN JAG SPELA SLOTS F\u00d6R RIKTIGA PENGAR P\u00c5 EUSLOTS.COM?<\/strong>\n<p class=\"schema-faq-answer\">Nej, du kan inte spela med riktiga pengar hos oss p\u00e5 EUslots, men du kan klicka dig vidare till n\u00e5got utav v\u00e5ra rekommenderade casinos d\u00e4r du kan spela spel f\u00f6r riktiga pengar och f\u00e5 chansen till stora vinster!<\/p>\n\n<\/div>\n<div id=\"faq-question-1598285990250\" class=\"schema-faq-section\"><strong class=\"schema-faq-question\">VEM \u00c4R EUSLOTS.COM F\u00d6R?<\/strong>\n<p class=\"schema-faq-answer\">F\u00f6r alla spelare som letar efter expertr\u00e5d p\u00e5 de b\u00e4sta slotsen, spelutvecklarna och casinos.<\/p>\n\n<\/div>\n<div id=\"faq-question-1598601720888\" class=\"schema-faq-section\"><strong class=\"schema-faq-question\">\u00c4R EU SLOTS TROV\u00c4RDIGA?<\/strong>\n<p class=\"schema-faq-answer\">Sj\u00e4lvklart! Vi \u00e4r dedikerade till att erbjuda information om de b\u00e4sta EU slots spelleverant\u00f6rerna och licenserade casinos d\u00e4r du kan spela slots.<\/p>\n\n<\/div>\n<\/div>\n<!-- \/wp:yoast\/faq-block -->","protected":false},"excerpt":{"rendered":"<p>Top 5 b\u00e4sta spelleverant\u00f6rerna i EU N\u00e4r du v\u00e4ljer en slot att spela p\u00e5 ett online casino s\u00e5 kommen du troligtvis inte att v\u00e4lja en gammal slot. Du kan r\u00e4kna in m\u00e5nga faktorer innan du v\u00e4ljer vilken slot du vill spela. Vissa spelare gillar att spela en slot med ett speciellt tema, andra gillar en [&hellip;]<\/p>\n","protected":false},"author":1,"featured_media":0,"parent":0,"menu_order":0,"comment_status":"closed","ping_status":"open","template":"","meta":[],"yoast_head":"<!-- This site is optimized with the Yoast SEO Premium plugin v18.6 (Yoast SEO v19.0) - https:\/\/yoast.com\/wordpress\/plugins\/seo\/ -->\n<title>Eu Slots casino leverant\u00f6rer med RTP och bonus information<\/title>\n<meta name=\"description\" content=\"Hos EU slots kan du hitta de b\u00e4sta slotsen och de b\u00e4sta licenserade casinon d\u00e4r du kan spela slots online. L\u00e4s mer om EU slots leverant\u00f6rer och RTP.\" \/>\n<meta name=\"robots\" content=\"index, follow, max-snippet:-1, max-image-preview:large, max-video-preview:-1\" \/>\n<link rel=\"canonical\" href=\"https:\/\/www.euslots.com\/se\/\" \/>\n<meta property=\"og:locale\" content=\"en_US\" \/>\n<meta property=\"og:type\" content=\"article\" \/>\n<meta property=\"og:title\" content=\"EU Slots\" \/>\n<meta property=\"og:description\" content=\"Hos EU slots kan du hitta de b\u00e4sta slotsen och de b\u00e4sta licenserade casinon d\u00e4r du kan spela slots online. L\u00e4s mer om EU slots leverant\u00f6rer och RTP.\" \/>\n<meta property=\"og:url\" content=\"https:\/\/www.euslots.com\/se\/\" \/>\n<meta property=\"og:site_name\" content=\"EU Slots\" \/>\n<meta property=\"article:modified_time\" content=\"2020-10-29T15:41:39+00:00\" \/>\n<meta name=\"twitter:card\" content=\"summary_large_image\" \/>\n<meta name=\"twitter:label1\" content=\"Est. reading time\" \/>\n\t<meta name=\"twitter:data1\" content=\"5 minutes\" \/>\n<script type=\"application\/ld+json\" class=\"yoast-schema-graph\">{\"@context\":\"https:\/\/schema.org\",\"@graph\":[{\"@type\":\"WebSite\",\"@id\":\"https:\/\/www.euslots.com\/se\/#website\",\"url\":\"https:\/\/www.euslots.com\/se\/\",\"name\":\"EU Slots\",\"description\":\"\",\"potentialAction\":[{\"@type\":\"SearchAction\",\"target\":{\"@type\":\"EntryPoint\",\"urlTemplate\":\"https:\/\/www.euslots.com\/se\/?s={search_term_string}\"},\"query-input\":\"required name=search_term_string\"}],\"inLanguage\":\"en-US\"},{\"@type\":\"WebPage\",\"@id\":\"https:\/\/www.euslots.com\/se\/#webpage\",\"url\":\"https:\/\/www.euslots.com\/se\/\",\"name\":\"Eu Slots casino leverant\u00f6rer med RTP och bonus information\",\"isPartOf\":{\"@id\":\"https:\/\/www.euslots.com\/se\/#website\"},\"datePublished\":\"2020-07-30T10:25:01+00:00\",\"dateModified\":\"2020-10-29T15:41:39+00:00\",\"description\":\"Hos EU slots kan du hitta de b\u00e4sta slotsen och de b\u00e4sta licenserade casinon d\u00e4r du kan spela slots online. L\u00e4s mer om EU slots leverant\u00f6rer och RTP.\",\"breadcrumb\":{\"@id\":\"https:\/\/www.euslots.com\/se\/#breadcrumb\"},\"inLanguage\":\"en-US\",\"potentialAction\":[{\"@type\":\"ReadAction\",\"target\":[\"https:\/\/www.euslots.com\/se\/\"]}]},{\"@type\":\"BreadcrumbList\",\"@id\":\"https:\/\/www.euslots.com\/se\/#breadcrumb\",\"itemListElement\":[{\"@type\":\"ListItem\",\"position\":1,\"name\":\"Home\",\"item\":\"https:\/\/www.euslots.com\/se\/\"},{\"@type\":\"ListItem\",\"position\":2,\"name\":\"EU Slots\"}]}]}<\/script>\n<!-- \/ Yoast SEO Premium plugin. -->","yoast_head_json":{"title":"Eu Slots casino leverant\u00f6rer med RTP och bonus information","description":"Hos EU slots kan du hitta de b\u00e4sta slotsen och de b\u00e4sta licenserade casinon d\u00e4r du kan spela slots online. L\u00e4s mer om EU slots leverant\u00f6rer och RTP.","robots":{"index":"index","follow":"follow","max-snippet":"max-snippet:-1","max-image-preview":"max-image-preview:large","max-video-preview":"max-video-preview:-1"},"canonical":"https:\/\/www.euslots.com\/se\/","og_locale":"en_US","og_type":"article","og_title":"EU Slots","og_description":"Hos EU slots kan du hitta de b\u00e4sta slotsen och de b\u00e4sta licenserade casinon d\u00e4r du kan spela slots online. L\u00e4s mer om EU slots leverant\u00f6rer och RTP.","og_url":"https:\/\/www.euslots.com\/se\/","og_site_name":"EU Slots","article_modified_time":"2020-10-29T15:41:39+00:00","twitter_card":"summary_large_image","twitter_misc":{"Est. reading time":"5 minutes"},"schema":{"@context":"https:\/\/schema.org","@graph":[{"@type":"WebSite","@id":"https:\/\/www.euslots.com\/se\/#website","url":"https:\/\/www.euslots.com\/se\/","name":"EU Slots","description":"","potentialAction":[{"@type":"SearchAction","target":{"@type":"EntryPoint","urlTemplate":"https:\/\/www.euslots.com\/se\/?s={search_term_string}"},"query-input":"required name=search_term_string"}],"inLanguage":"en-US"},{"@type":"WebPage","@id":"https:\/\/www.euslots.com\/se\/#webpage","url":"https:\/\/www.euslots.com\/se\/","name":"Eu Slots casino leverant\u00f6rer med RTP och bonus information","isPartOf":{"@id":"https:\/\/www.euslots.com\/se\/#website"},"datePublished":"2020-07-30T10:25:01+00:00","dateModified":"2020-10-29T15:41:39+00:00","description":"Hos EU slots kan du hitta de b\u00e4sta slotsen och de b\u00e4sta licenserade casinon d\u00e4r du kan spela slots online. L\u00e4s mer om EU slots leverant\u00f6rer och RTP.","breadcrumb":{"@id":"https:\/\/www.euslots.com\/se\/#breadcrumb"},"inLanguage":"en-US","potentialAction":[{"@type":"ReadAction","target":["https:\/\/www.euslots.com\/se\/"]}]},{"@type":"BreadcrumbList","@id":"https:\/\/www.euslots.com\/se\/#breadcrumb","itemListElement":[{"@type":"ListItem","position":1,"name":"Home","item":"https:\/\/www.euslots.com\/se\/"},{"@type":"ListItem","position":2,"name":"EU Slots"}]}]}},"_links":{"self":[{"href":"https:\/\/www.euslots.com\/se\/wp-json\/wp\/v2\/pages\/2"}],"collection":[{"href":"https:\/\/www.euslots.com\/se\/wp-json\/wp\/v2\/pages"}],"about":[{"href":"https:\/\/www.euslots.com\/se\/wp-json\/wp\/v2\/types\/page"}],"author":[{"embeddable":true,"href":"https:\/\/www.euslots.com\/se\/wp-json\/wp\/v2\/users\/1"}],"replies":[{"embeddable":true,"href":"https:\/\/www.euslots.com\/se\/wp-json\/wp\/v2\/comments?post=2"}],"version-history":[{"count":44,"href":"https:\/\/www.euslots.com\/se\/wp-json\/wp\/v2\/pages\/2\/revisions"}],"predecessor-version":[{"id":372,"href":"https:\/\/www.euslots.com\/se\/wp-json\/wp\/v2\/pages\/2\/revisions\/372"}],"wp:attachment":[{"href":"https:\/\/www.euslots.com\/se\/wp-json\/wp\/v2\/media?parent=2"}],"curies":[{"name":"wp","href":"https:\/\/api.w.org\/{rel}","templated":true}]}}