{"id":129,"date":"2020-08-14T05:42:02","date_gmt":"2020-08-14T05:42:02","guid":{"rendered":"https:\/\/www.euslots.com\/se\/?page_id=129"},"modified":"2020-10-29T15:49:36","modified_gmt":"2020-10-29T15:49:36","slug":"play-n-go-slots","status":"publish","type":"page","link":"https:\/\/www.euslots.com\/se\/eu-slots-spelleverantorer\/play-n-go-slots\/","title":{"rendered":"Play&#8217;n Go"},"content":{"rendered":"\n<p><a href=\"\/se\/eu-slots-spelleverantorer\/play-n-go-slots\/\">Play\u00b4n Go slots<\/a> \u00e4r \u00e4lskade av spelare f\u00f6r deras grafik och charmiga teman. Deras tv\u00e5 k\u00e4nda karakt\u00e4rer , Riche Wilde och Cat Wilde har dykt upp i m\u00e5nga olika slots under \u00e5ren. De har rest mellan Egypten och Grekland i slots s\u00e5 som: Riche Wilde and the Tome of Madness och Cate Wilde and the Shield of Athena. Ut\u00f6ver dessa k\u00e4nda ansikten har Play\u00b4n Go slots ett f\u00e4rgglatt och uppslukande tema p\u00e5 sina slots.<\/p>\n\n\n\n<p>Denna prisbel\u00f6nta EU slots utvecklaren har ut\u00f6ver ett varierande tema som str\u00e4cker sig fr\u00e5n pirater och vampyrer till stenar och irl\u00e4ndska slots. Play\u00b4n Go spel har verkligen bonusfunktioner som g\u00f6r att du aldrig vill sluta spela! Ut\u00f6ver video slots har de \u00e4ven bordsspel som casinos \u00e4lskar att erbjuda.<\/p>\n\n\n\n<figure class=\"wp-block-image size-large\"><img src=\"https:\/\/www.euslots.com\/se\/wp-content\/uploads\/2020\/08\/play-n-go.jpg\" alt=\"\"\/><figcaption>Play&#8217;n Go Logo<\/figcaption><\/figure>\n\n\n\n<h2 id=\"h-top-3-play-n-go-slots\">Top 3 Play\u2019n Go Slots<\/h2>\n\n\n\n<p>Ta en titt h\u00e4r nedanf\u00f6r f\u00f6r att se de 3 b\u00e4sta slotsen fr\u00e5n Play\u00b4n Go. Detta \u00e4r slotsen som spelare forts\u00e4tter att spela om och om igen:<\/p>\n\n\n\n<h3 id=\"h-book-of-dead\">Book of Dead<\/h3>\n\n\n\n<ul><li><strong>Hjul och Vinstlinjer:<\/strong> 5&#215;3 Hjul, 10 Vinstlinjer<\/li><li><strong>RTP:<\/strong> 94.25%<\/li><li><strong>Bonusfunktioner: <\/strong>Free spins, Expanderande symboler<\/li><\/ul>\n\n\n\n<p>Riche Wilde g\u00f6r sin f\u00f6rsta entre i Egypten i Play\u00b4n Gos Book of Dead. Du kommer att f\u00f6lja honom in i en gammal grotta d\u00e4r han letar fram skatter. Du kan v\u00e4lja hur m\u00e5nga av de tio linjerna du vill satsa och de finns en simpel maxbet knapp om du \u00e4r en high roller.<\/p>\n\n\n\n<p>N\u00e4r du valt din insats kan du starta att spinna hjulen. Tre eller fler av den gamla egyptiska artefakten ger dig en vinst. F\u00f6r tre scatters f\u00e5r du en stor vinst plus 10 free spins. Som originalet Book of Ra, har Book of Dead \u00e4ven de expanderande symbolerna under free spins omg\u00e5ngen f\u00f6r att maximera dina vinster.<\/p>\n\n\n\n<h3 id=\"h-reactoonz\">Reactoonz<\/h3>\n\n\n\n<ul><li><strong>Hjul och Vinstlinjer:<\/strong> 7&#215;7 Rutn\u00e4tsslot<\/li><li><strong>RTP: <\/strong>95.41%<\/li><li><strong>Bonusfunktion: <\/strong>Klungvinster, Gargantoon symboler, Kvantfunktioner och kaskadrullar<\/li><\/ul>\n\n\n\n<p>Reactoonz som snart kommer att f\u00e5 s\u00e4llskap av sin lillebror Reactoonz 2 \u00e4r en slot med ett Alien tema som tar spelaren in i en sci-fi historia. Du kommer inte att se traditionella hjul och vinstlinjer i den h\u00e4r sloten fr\u00e5n Play\u00b4n Go. Ist\u00e4llet \u00e4r Reactoonz en rutn\u00e4tsslot med ett kaskad system.<\/p>\n\n\n\n<p>N\u00e4r du spinner kommer du att vinna n\u00e4r en kaskad p\u00e5 5 eller fler matchande symboler kopplas ihop. F\u00f6r varje utbetalning f\u00f6rsvinner symbolerna och nya symboler faller ner. Ju fler vinster du f\u00e5r i rad desto st\u00f6rre chans \u00e4r de att du laddar upp kvantumfunktionen och triggar den stora Gargatoon. Dessa funktioner kan l\u00e4gga ut wilds p\u00e5 spelplanen f\u00f6r att h\u00f6ja dina vinster.<\/p>\n\n\n\n<h3 id=\"h-rise-of-olympus\">Rise of Olympus<\/h3>\n\n\n\n<ul><li><strong>Hjul och Vinstlinjer:<\/strong> 5&#215;5 Rutn\u00e4t<\/li><li><strong>RTP:<\/strong> 94.51%<\/li><li><strong>Bonusfunktion: <\/strong>Klungvsinter, Free Spins, random funktioner<\/li><\/ul>\n\n\n\n<p>Rise of Olympus \u00e4r en annan rutn\u00e4ts slot fr\u00e5n Play\u00b4n go, \u00e4ven fast denna g\u00e5ng tar utvecklaren dig till de Olympus mystiska land ist\u00e4llet f\u00f6r ut i rymden. \u00d6ver i gamla Grekland kommer du att hamna ansikte mot ansikte med de grekiska gudarna av Hav, Himlen och Helvetet. Poseidon, Zeus och Hades kan bel\u00f6na dig med en random bonus p\u00e5 varje spin. <a href=\"\/se\/eu-slots-bonus\/\">Bonusarna<\/a> kan bel\u00f6na dig med Wilds, byta symboler och f\u00e5 symboler att f\u00f6rsvinna, allting f\u00f6r att ge dig st\u00f6rre chans att vinna.<\/p>\n\n\n\n<p>Antingen n\u00e4r du f\u00e5r ett vinnande kluster av 3 eller fler symboler, eller n\u00e4r Zeus tar fram sin blixt kommer symbolerna att f\u00f6rsvinna fr\u00e5n n\u00e4tet. De kommer inte att ers\u00e4ttas med andra symboler men symbolerna i n\u00e4rheten kommer fylla de tomma h\u00e5len. De ger dig chansen att tr\u00e4ffa nya vinnande kombinationer och f\u00e5 flera vinster p\u00e5 en spin. Om du lyckas rensa hela rutn\u00e4tet s\u00e5 blir du bel\u00f6nad med 8 free spins.<\/p>\n","protected":false},"excerpt":{"rendered":"<p>Play\u00b4n Go slots \u00e4r \u00e4lskade av spelare f\u00f6r deras grafik och charmiga teman. Deras tv\u00e5 k\u00e4nda karakt\u00e4rer , Riche Wilde och Cat Wilde har dykt upp i m\u00e5nga olika slots under \u00e5ren. De har rest mellan Egypten och Grekland i slots s\u00e5 som: Riche Wilde and the Tome of Madness och Cate Wilde and the [&hellip;]<\/p>\n","protected":false},"author":1,"featured_media":0,"parent":66,"menu_order":0,"comment_status":"closed","ping_status":"closed","template":"","meta":[],"yoast_head":"<!-- This site is optimized with the Yoast SEO Premium plugin v18.6 (Yoast SEO v19.0) - https:\/\/yoast.com\/wordpress\/plugins\/seo\/ -->\n<title>Play\u2019n Go | Top 3 Slot Games 2026 \u2013 EuSlots.com<\/title>\n<meta name=\"description\" content=\"EU Slots leverant\u00f6ren Play\u00b4n Go. Utforska mer om Play\u00b4n Go och deras 3 b\u00e4sta slots: Book of Dead, Reactoonz &amp; Rise of Olympus.\" \/>\n<meta name=\"robots\" content=\"index, follow, max-snippet:-1, max-image-preview:large, max-video-preview:-1\" \/>\n<link rel=\"canonical\" href=\"https:\/\/www.euslots.com\/se\/eu-slots-spelleverantorer\/play-n-go-slots\/\" \/>\n<meta property=\"og:locale\" content=\"en_US\" \/>\n<meta property=\"og:type\" content=\"article\" \/>\n<meta property=\"og:title\" content=\"Play&#039;n Go\" \/>\n<meta property=\"og:description\" content=\"EU Slots leverant\u00f6ren Play\u00b4n Go. Utforska mer om Play\u00b4n Go och deras 3 b\u00e4sta slots: Book of Dead, Reactoonz &amp; Rise of Olympus.\" \/>\n<meta property=\"og:url\" content=\"https:\/\/www.euslots.com\/se\/eu-slots-spelleverantorer\/play-n-go-slots\/\" \/>\n<meta property=\"og:site_name\" content=\"EU Slots\" \/>\n<meta property=\"article:modified_time\" content=\"2020-10-29T15:49:36+00:00\" \/>\n<meta property=\"og:image\" content=\"https:\/\/www.euslots.com\/se\/wp-content\/uploads\/2020\/08\/play-n-go.jpg\" \/>\n<meta name=\"twitter:card\" content=\"summary_large_image\" \/>\n<meta name=\"twitter:label1\" content=\"Est. reading time\" \/>\n\t<meta name=\"twitter:data1\" content=\"3 minutes\" \/>\n<script type=\"application\/ld+json\" class=\"yoast-schema-graph\">{\"@context\":\"https:\/\/schema.org\",\"@graph\":[{\"@type\":\"WebSite\",\"@id\":\"https:\/\/www.euslots.com\/se\/#website\",\"url\":\"https:\/\/www.euslots.com\/se\/\",\"name\":\"EU Slots\",\"description\":\"\",\"potentialAction\":[{\"@type\":\"SearchAction\",\"target\":{\"@type\":\"EntryPoint\",\"urlTemplate\":\"https:\/\/www.euslots.com\/se\/?s={search_term_string}\"},\"query-input\":\"required name=search_term_string\"}],\"inLanguage\":\"en-US\"},{\"@type\":\"ImageObject\",\"inLanguage\":\"en-US\",\"@id\":\"https:\/\/www.euslots.com\/se\/eu-slots-spelleverantorer\/play-n-go-slots\/#primaryimage\",\"url\":\"https:\/\/www.euslots.com\/se\/wp-content\/uploads\/2020\/08\/play-n-go.jpg\",\"contentUrl\":\"https:\/\/www.euslots.com\/se\/wp-content\/uploads\/2020\/08\/play-n-go.jpg\",\"width\":300,\"height\":159,\"caption\":\"play n go\"},{\"@type\":\"WebPage\",\"@id\":\"https:\/\/www.euslots.com\/se\/eu-slots-spelleverantorer\/play-n-go-slots\/#webpage\",\"url\":\"https:\/\/www.euslots.com\/se\/eu-slots-spelleverantorer\/play-n-go-slots\/\",\"name\":\"Play\u2019n Go | Top 3 Slot Games 2026 \u2013 EuSlots.com\",\"isPartOf\":{\"@id\":\"https:\/\/www.euslots.com\/se\/#website\"},\"primaryImageOfPage\":{\"@id\":\"https:\/\/www.euslots.com\/se\/eu-slots-spelleverantorer\/play-n-go-slots\/#primaryimage\"},\"datePublished\":\"2020-08-14T05:42:02+00:00\",\"dateModified\":\"2020-10-29T15:49:36+00:00\",\"description\":\"EU Slots leverant\u00f6ren Play\u00b4n Go. Utforska mer om Play\u00b4n Go och deras 3 b\u00e4sta slots: Book of Dead, Reactoonz & Rise of Olympus.\",\"breadcrumb\":{\"@id\":\"https:\/\/www.euslots.com\/se\/eu-slots-spelleverantorer\/play-n-go-slots\/#breadcrumb\"},\"inLanguage\":\"en-US\",\"potentialAction\":[{\"@type\":\"ReadAction\",\"target\":[\"https:\/\/www.euslots.com\/se\/eu-slots-spelleverantorer\/play-n-go-slots\/\"]}]},{\"@type\":\"BreadcrumbList\",\"@id\":\"https:\/\/www.euslots.com\/se\/eu-slots-spelleverantorer\/play-n-go-slots\/#breadcrumb\",\"itemListElement\":[{\"@type\":\"ListItem\",\"position\":1,\"name\":\"Home\",\"item\":\"https:\/\/www.euslots.com\/se\/\"},{\"@type\":\"ListItem\",\"position\":2,\"name\":\"EU Slot spelleverant\u00f6rer\",\"item\":\"https:\/\/www.euslots.com\/se\/eu-slots-spelleverantorer\/\"},{\"@type\":\"ListItem\",\"position\":3,\"name\":\"Play&#8217;n Go\"}]}]}<\/script>\n<!-- \/ Yoast SEO Premium plugin. -->","yoast_head_json":{"title":"Play\u2019n Go | Top 3 Slot Games 2026 \u2013 EuSlots.com","description":"EU Slots leverant\u00f6ren Play\u00b4n Go. Utforska mer om Play\u00b4n Go och deras 3 b\u00e4sta slots: Book of Dead, Reactoonz & Rise of Olympus.","robots":{"index":"index","follow":"follow","max-snippet":"max-snippet:-1","max-image-preview":"max-image-preview:large","max-video-preview":"max-video-preview:-1"},"canonical":"https:\/\/www.euslots.com\/se\/eu-slots-spelleverantorer\/play-n-go-slots\/","og_locale":"en_US","og_type":"article","og_title":"Play'n Go","og_description":"EU Slots leverant\u00f6ren Play\u00b4n Go. Utforska mer om Play\u00b4n Go och deras 3 b\u00e4sta slots: Book of Dead, Reactoonz & Rise of Olympus.","og_url":"https:\/\/www.euslots.com\/se\/eu-slots-spelleverantorer\/play-n-go-slots\/","og_site_name":"EU Slots","article_modified_time":"2020-10-29T15:49:36+00:00","og_image":[{"url":"https:\/\/www.euslots.com\/se\/wp-content\/uploads\/2020\/08\/play-n-go.jpg"}],"twitter_card":"summary_large_image","twitter_misc":{"Est. reading time":"3 minutes"},"schema":{"@context":"https:\/\/schema.org","@graph":[{"@type":"WebSite","@id":"https:\/\/www.euslots.com\/se\/#website","url":"https:\/\/www.euslots.com\/se\/","name":"EU Slots","description":"","potentialAction":[{"@type":"SearchAction","target":{"@type":"EntryPoint","urlTemplate":"https:\/\/www.euslots.com\/se\/?s={search_term_string}"},"query-input":"required name=search_term_string"}],"inLanguage":"en-US"},{"@type":"ImageObject","inLanguage":"en-US","@id":"https:\/\/www.euslots.com\/se\/eu-slots-spelleverantorer\/play-n-go-slots\/#primaryimage","url":"https:\/\/www.euslots.com\/se\/wp-content\/uploads\/2020\/08\/play-n-go.jpg","contentUrl":"https:\/\/www.euslots.com\/se\/wp-content\/uploads\/2020\/08\/play-n-go.jpg","width":300,"height":159,"caption":"play n go"},{"@type":"WebPage","@id":"https:\/\/www.euslots.com\/se\/eu-slots-spelleverantorer\/play-n-go-slots\/#webpage","url":"https:\/\/www.euslots.com\/se\/eu-slots-spelleverantorer\/play-n-go-slots\/","name":"Play\u2019n Go | Top 3 Slot Games 2026 \u2013 EuSlots.com","isPartOf":{"@id":"https:\/\/www.euslots.com\/se\/#website"},"primaryImageOfPage":{"@id":"https:\/\/www.euslots.com\/se\/eu-slots-spelleverantorer\/play-n-go-slots\/#primaryimage"},"datePublished":"2020-08-14T05:42:02+00:00","dateModified":"2020-10-29T15:49:36+00:00","description":"EU Slots leverant\u00f6ren Play\u00b4n Go. Utforska mer om Play\u00b4n Go och deras 3 b\u00e4sta slots: Book of Dead, Reactoonz & Rise of Olympus.","breadcrumb":{"@id":"https:\/\/www.euslots.com\/se\/eu-slots-spelleverantorer\/play-n-go-slots\/#breadcrumb"},"inLanguage":"en-US","potentialAction":[{"@type":"ReadAction","target":["https:\/\/www.euslots.com\/se\/eu-slots-spelleverantorer\/play-n-go-slots\/"]}]},{"@type":"BreadcrumbList","@id":"https:\/\/www.euslots.com\/se\/eu-slots-spelleverantorer\/play-n-go-slots\/#breadcrumb","itemListElement":[{"@type":"ListItem","position":1,"name":"Home","item":"https:\/\/www.euslots.com\/se\/"},{"@type":"ListItem","position":2,"name":"EU Slot spelleverant\u00f6rer","item":"https:\/\/www.euslots.com\/se\/eu-slots-spelleverantorer\/"},{"@type":"ListItem","position":3,"name":"Play&#8217;n Go"}]}]}},"_links":{"self":[{"href":"https:\/\/www.euslots.com\/se\/wp-json\/wp\/v2\/pages\/129"}],"collection":[{"href":"https:\/\/www.euslots.com\/se\/wp-json\/wp\/v2\/pages"}],"about":[{"href":"https:\/\/www.euslots.com\/se\/wp-json\/wp\/v2\/types\/page"}],"author":[{"embeddable":true,"href":"https:\/\/www.euslots.com\/se\/wp-json\/wp\/v2\/users\/1"}],"replies":[{"embeddable":true,"href":"https:\/\/www.euslots.com\/se\/wp-json\/wp\/v2\/comments?post=129"}],"version-history":[{"count":10,"href":"https:\/\/www.euslots.com\/se\/wp-json\/wp\/v2\/pages\/129\/revisions"}],"predecessor-version":[{"id":396,"href":"https:\/\/www.euslots.com\/se\/wp-json\/wp\/v2\/pages\/129\/revisions\/396"}],"up":[{"embeddable":true,"href":"https:\/\/www.euslots.com\/se\/wp-json\/wp\/v2\/pages\/66"}],"wp:attachment":[{"href":"https:\/\/www.euslots.com\/se\/wp-json\/wp\/v2\/media?parent=129"}],"curies":[{"name":"wp","href":"https:\/\/api.w.org\/{rel}","templated":true}]}}