{"id":127,"date":"2020-08-14T05:40:40","date_gmt":"2020-08-14T05:40:40","guid":{"rendered":"https:\/\/www.euslots.com\/se\/?page_id=127"},"modified":"2020-10-29T15:48:54","modified_gmt":"2020-10-29T15:48:54","slug":"microgaming-slots","status":"publish","type":"page","link":"https:\/\/www.euslots.com\/se\/eu-slots-spelleverantorer\/microgaming-slots\/","title":{"rendered":"Microgaming Slots"},"content":{"rendered":"\n<p>Innan online gambling tog internet med storm, kunde du hitta <a href=\"\/se\/eu-slots-spelleverantorer\/microgaming\/\">Microgaming slots<\/a> i Landbaserade casinon. Enligt legenden s\u00e5 skapade Microgaming slots basen f\u00f6r de f\u00f6rsta Online casinot. De betyder att Microgaming har skapat slot-spel i flera \u00e5rtionden och de \u00e4r grymma p\u00e5 de!<\/p>\n\n\n\n<p>Likt <a href=\"\/se\/eu-slots-spelleverantorer\/blueprint\/\">Blueprint<\/a> har Microgame en del m\u00e4rkes-slots. Ut\u00f6ver deras heta Playboy slots \u00e4lskar spelare att spinna hjulen p\u00e5 videoslots inspirerade av tv-serier. Who Wants to Be a Millionaire slot och Game of Thrones 243 ways \u00e4r tv\u00e5 av de popul\u00e4raste m\u00e4rkes-slotsen.<\/p>\n\n\n\n<p>Hur som helst s\u00e5 \u00e4r denna <a href=\"\/se\/\">EU slots<\/a> utvecklare mest k\u00e4nda f\u00f6r sina progressiva jackpot spel. Prispengarna p\u00e5 dessa jackpot slots ligger p\u00e5 flera miljoner. Major Millions och King Cashalot \u00e4r ett par av Microgamings slots som har livsf\u00f6r\u00e4ndrade jackpots!<\/p>\n\n\n\n<figure class=\"wp-block-image size-large\"><img src=\"https:\/\/www.euslots.com\/se\/wp-content\/uploads\/2020\/08\/microgaming.jpg\" alt=\"\"\/><figcaption>Microgaming Logo<\/figcaption><\/figure>\n\n\n\n<h2 id=\"h-top-3-microgaming-slots\">Top 3 Microgaming Slots<\/h2>\n\n\n\n<p>De flesta EU casinos har ett stort utbud av slots, video slots och jackpots skapade av Microgaming. Men vilka f\u00f6redrar d\u00e5 spelarna mest? L\u00e4s nedan och utforska de 3 b\u00e4sta Microgaming spelen.<\/p>\n\n\n\n<h3 id=\"h-immortal-romance\">Immortal Romance<\/h3>\n\n\n\n<ul><li><strong>Hjul &amp; vinstlinjer:<\/strong> 5&#215;3 hjul, 243 vinstlinjer<\/li><li><strong>RTP:<\/strong> 96.86%<\/li><li><strong>Bonusfunktioner:<\/strong> Wild multiplicerar, Wildhjul och Free spins<\/li><\/ul>\n\n\n\n<p>Immortal Romance \u00e4r en sensationell slot med blodt\u00f6rstiga bonusar. Detta vampyr spel har en Win-all-ways mekanik som spelare verkligen \u00e4lskar. Romansen forts\u00e4tter in i bonusrundan d\u00e4r du har 5 olika vampyrer som kan ge dig hela 25 free spins med vinst multiplicerare och andra funktioner.<\/p>\n\n\n\n<p>Wild symbolerna dubblar vinsten i Immportal Romance n\u00e4r de landar p\u00e5 ett av hjulen. Du kan \u00e4ven f\u00e5 en funktion som heter Wild Desire som bel\u00f6nar dig med 1-5 wild hjul. F\u00e5r du 4-5 hjul fulla av wilds b\u00f6r du vara redo f\u00f6r en riktigt stor vinst!<\/p>\n\n\n\n<h3 id=\"h-thunderstruck-2\">Thunderstruck 2<\/h3>\n\n\n\n<ul><li><strong>Hjul &amp; Vinstlinjer: <\/strong>5&#215;3 hjul, 243 vinstlinjer<\/li><li><strong>RTP: <\/strong>96.65%<\/li><li><strong>Bonusfunktion: <\/strong>Hjulbonus, garanterad vinst, gigantiska symboler<\/li><\/ul>\n\n\n\n<p>G\u00e5 in i Valhalla och m\u00f6t Thunderstruckt 2 skapad av Micriogaming. Funktionerna i denna mystiska slot \u00e4r v\u00e4ldigt lik v\u00e5r m\u00f6rka favorit Immortal Romance. Wild symbolerna multiplicerar alla vinster med 2 n\u00e4r de formar en kombination. Med funktionen Wild Storm f\u00e5r du \u00e4nnu fler wilds och har chansen att f\u00e5 hela 5 wild hjul.<\/p>\n\n\n\n<p>Om du landar 3 eller fler bonussymboler kommer du att komma ansikte mot ansikte med de 5 nordiska gudarna. Varje gud ger dig free spins med olika funktioner. T.ex. Loki ger dig 15 free spins med magiska Wilds. Thor \u00e5 andra sidan ger dig 25 free spins med rullande hjul ovh&nbsp; vinst multiplicerare.<\/p>\n\n\n\n<h3 id=\"h-mega-moolah\">Mega Moolah<\/h3>\n\n\n\n<ul><li><strong>Hjul &amp; vinstlinjher:<\/strong> 5&#215;3 hjul 25 vinstlinjer<\/li><li><strong>RTP:<\/strong> 88.12%<\/li><li><strong>Bonusfunktioner: <\/strong>Progressiv jackpot, Free spins, Win multiplicerare<\/li><\/ul>\n\n\n\n<p>Mega Moolah \u00e4r den popul\u00e4raste progressiva jackpoten p\u00e5 alla EU casinos. \u00c4ven fast den har en&nbsp; l\u00e5g RTP s\u00e5 \u00e4lskar spelare att spela den progressiva&nbsp; jackpoten med ett Safari tema. Genomsnittet f\u00f6r jackpotten ligger p\u00e5 cirka 50 miljoner kr s\u00e5 vi f\u00f6rst\u00e5r varf\u00f6r de \u00e4r en favorit. Vad som \u00e4r ovanligt \u00e4r att du inte beh\u00f6ver f\u00e5 n\u00e5gra bonussymboler utan jackpoten kan triggas p\u00e5 vilken spinn som helst!<\/p>\n\n\n\n<p>Medans du v\u00e4ntar p\u00e5 att jackpot funktionen ska triggas s\u00e5 finns de mycket mer&nbsp; att njuta av! Wilden som \u00e4r i form utav ett Lejon dubblar alla vinster n\u00e4r den anv\u00e4nds f\u00f6r en vinst. De&nbsp; finns ocks\u00e5 scatter-symboler och free spins. Under free spinnen s\u00e5 tripplas alla vinster. S\u00e5 \u00e4ven om du inte vinner en jackpot finns de stor chans att du kammar hem en storvinst.<\/p>\n","protected":false},"excerpt":{"rendered":"<p>Innan online gambling tog internet med storm, kunde du hitta Microgaming slots i Landbaserade casinon. Enligt legenden s\u00e5 skapade Microgaming slots basen f\u00f6r de f\u00f6rsta Online casinot. De betyder att Microgaming har skapat slot-spel i flera \u00e5rtionden och de \u00e4r grymma p\u00e5 de! Likt Blueprint har Microgame en del m\u00e4rkes-slots. Ut\u00f6ver deras heta Playboy slots [&hellip;]<\/p>\n","protected":false},"author":1,"featured_media":0,"parent":66,"menu_order":0,"comment_status":"closed","ping_status":"closed","template":"","meta":[],"yoast_head":"<!-- This site is optimized with the Yoast SEO Premium plugin v18.6 (Yoast SEO v19.0) - https:\/\/yoast.com\/wordpress\/plugins\/seo\/ -->\n<title>Microgaming | Top 3 Slot Games 2026 \u2013 EuSlots.com<\/title>\n<meta name=\"description\" content=\"EU Slots Leverant\u00f6ren Microgaming. Utforska mer om Microgaming och deras 3 b\u00e4sta slots: Immortal Romance, Thunderstruck 2 &amp; Mega Moolah.\" \/>\n<meta name=\"robots\" content=\"index, follow, max-snippet:-1, max-image-preview:large, max-video-preview:-1\" \/>\n<link rel=\"canonical\" href=\"https:\/\/www.euslots.com\/se\/eu-slots-spelleverantorer\/microgaming-slots\/\" \/>\n<meta property=\"og:locale\" content=\"en_US\" \/>\n<meta property=\"og:type\" content=\"article\" \/>\n<meta property=\"og:title\" content=\"Microgaming Slots\" \/>\n<meta property=\"og:description\" content=\"EU Slots Leverant\u00f6ren Microgaming. Utforska mer om Microgaming och deras 3 b\u00e4sta slots: Immortal Romance, Thunderstruck 2 &amp; Mega Moolah.\" \/>\n<meta property=\"og:url\" content=\"https:\/\/www.euslots.com\/se\/eu-slots-spelleverantorer\/microgaming-slots\/\" \/>\n<meta property=\"og:site_name\" content=\"EU Slots\" \/>\n<meta property=\"article:modified_time\" content=\"2020-10-29T15:48:54+00:00\" \/>\n<meta property=\"og:image\" content=\"https:\/\/www.euslots.com\/se\/wp-content\/uploads\/2020\/08\/microgaming.jpg\" \/>\n<meta name=\"twitter:card\" content=\"summary_large_image\" \/>\n<meta name=\"twitter:label1\" content=\"Est. reading time\" \/>\n\t<meta name=\"twitter:data1\" content=\"3 minutes\" \/>\n<script type=\"application\/ld+json\" class=\"yoast-schema-graph\">{\"@context\":\"https:\/\/schema.org\",\"@graph\":[{\"@type\":\"WebSite\",\"@id\":\"https:\/\/www.euslots.com\/se\/#website\",\"url\":\"https:\/\/www.euslots.com\/se\/\",\"name\":\"EU Slots\",\"description\":\"\",\"potentialAction\":[{\"@type\":\"SearchAction\",\"target\":{\"@type\":\"EntryPoint\",\"urlTemplate\":\"https:\/\/www.euslots.com\/se\/?s={search_term_string}\"},\"query-input\":\"required name=search_term_string\"}],\"inLanguage\":\"en-US\"},{\"@type\":\"ImageObject\",\"inLanguage\":\"en-US\",\"@id\":\"https:\/\/www.euslots.com\/se\/eu-slots-spelleverantorer\/microgaming-slots\/#primaryimage\",\"url\":\"https:\/\/www.euslots.com\/se\/wp-content\/uploads\/2020\/08\/microgaming.jpg\",\"contentUrl\":\"https:\/\/www.euslots.com\/se\/wp-content\/uploads\/2020\/08\/microgaming.jpg\",\"width\":300,\"height\":159,\"caption\":\"microgaming\"},{\"@type\":\"WebPage\",\"@id\":\"https:\/\/www.euslots.com\/se\/eu-slots-spelleverantorer\/microgaming-slots\/#webpage\",\"url\":\"https:\/\/www.euslots.com\/se\/eu-slots-spelleverantorer\/microgaming-slots\/\",\"name\":\"Microgaming | Top 3 Slot Games 2026 \u2013 EuSlots.com\",\"isPartOf\":{\"@id\":\"https:\/\/www.euslots.com\/se\/#website\"},\"primaryImageOfPage\":{\"@id\":\"https:\/\/www.euslots.com\/se\/eu-slots-spelleverantorer\/microgaming-slots\/#primaryimage\"},\"datePublished\":\"2020-08-14T05:40:40+00:00\",\"dateModified\":\"2020-10-29T15:48:54+00:00\",\"description\":\"EU Slots Leverant\u00f6ren Microgaming. Utforska mer om Microgaming och deras 3 b\u00e4sta slots: Immortal Romance, Thunderstruck 2 & Mega Moolah.\",\"breadcrumb\":{\"@id\":\"https:\/\/www.euslots.com\/se\/eu-slots-spelleverantorer\/microgaming-slots\/#breadcrumb\"},\"inLanguage\":\"en-US\",\"potentialAction\":[{\"@type\":\"ReadAction\",\"target\":[\"https:\/\/www.euslots.com\/se\/eu-slots-spelleverantorer\/microgaming-slots\/\"]}]},{\"@type\":\"BreadcrumbList\",\"@id\":\"https:\/\/www.euslots.com\/se\/eu-slots-spelleverantorer\/microgaming-slots\/#breadcrumb\",\"itemListElement\":[{\"@type\":\"ListItem\",\"position\":1,\"name\":\"Home\",\"item\":\"https:\/\/www.euslots.com\/se\/\"},{\"@type\":\"ListItem\",\"position\":2,\"name\":\"EU Slot spelleverant\u00f6rer\",\"item\":\"https:\/\/www.euslots.com\/se\/eu-slots-spelleverantorer\/\"},{\"@type\":\"ListItem\",\"position\":3,\"name\":\"Microgaming Slots\"}]}]}<\/script>\n<!-- \/ Yoast SEO Premium plugin. -->","yoast_head_json":{"title":"Microgaming | Top 3 Slot Games 2026 \u2013 EuSlots.com","description":"EU Slots Leverant\u00f6ren Microgaming. Utforska mer om Microgaming och deras 3 b\u00e4sta slots: Immortal Romance, Thunderstruck 2 & Mega Moolah.","robots":{"index":"index","follow":"follow","max-snippet":"max-snippet:-1","max-image-preview":"max-image-preview:large","max-video-preview":"max-video-preview:-1"},"canonical":"https:\/\/www.euslots.com\/se\/eu-slots-spelleverantorer\/microgaming-slots\/","og_locale":"en_US","og_type":"article","og_title":"Microgaming Slots","og_description":"EU Slots Leverant\u00f6ren Microgaming. Utforska mer om Microgaming och deras 3 b\u00e4sta slots: Immortal Romance, Thunderstruck 2 & Mega Moolah.","og_url":"https:\/\/www.euslots.com\/se\/eu-slots-spelleverantorer\/microgaming-slots\/","og_site_name":"EU Slots","article_modified_time":"2020-10-29T15:48:54+00:00","og_image":[{"url":"https:\/\/www.euslots.com\/se\/wp-content\/uploads\/2020\/08\/microgaming.jpg"}],"twitter_card":"summary_large_image","twitter_misc":{"Est. reading time":"3 minutes"},"schema":{"@context":"https:\/\/schema.org","@graph":[{"@type":"WebSite","@id":"https:\/\/www.euslots.com\/se\/#website","url":"https:\/\/www.euslots.com\/se\/","name":"EU Slots","description":"","potentialAction":[{"@type":"SearchAction","target":{"@type":"EntryPoint","urlTemplate":"https:\/\/www.euslots.com\/se\/?s={search_term_string}"},"query-input":"required name=search_term_string"}],"inLanguage":"en-US"},{"@type":"ImageObject","inLanguage":"en-US","@id":"https:\/\/www.euslots.com\/se\/eu-slots-spelleverantorer\/microgaming-slots\/#primaryimage","url":"https:\/\/www.euslots.com\/se\/wp-content\/uploads\/2020\/08\/microgaming.jpg","contentUrl":"https:\/\/www.euslots.com\/se\/wp-content\/uploads\/2020\/08\/microgaming.jpg","width":300,"height":159,"caption":"microgaming"},{"@type":"WebPage","@id":"https:\/\/www.euslots.com\/se\/eu-slots-spelleverantorer\/microgaming-slots\/#webpage","url":"https:\/\/www.euslots.com\/se\/eu-slots-spelleverantorer\/microgaming-slots\/","name":"Microgaming | Top 3 Slot Games 2026 \u2013 EuSlots.com","isPartOf":{"@id":"https:\/\/www.euslots.com\/se\/#website"},"primaryImageOfPage":{"@id":"https:\/\/www.euslots.com\/se\/eu-slots-spelleverantorer\/microgaming-slots\/#primaryimage"},"datePublished":"2020-08-14T05:40:40+00:00","dateModified":"2020-10-29T15:48:54+00:00","description":"EU Slots Leverant\u00f6ren Microgaming. Utforska mer om Microgaming och deras 3 b\u00e4sta slots: Immortal Romance, Thunderstruck 2 & Mega Moolah.","breadcrumb":{"@id":"https:\/\/www.euslots.com\/se\/eu-slots-spelleverantorer\/microgaming-slots\/#breadcrumb"},"inLanguage":"en-US","potentialAction":[{"@type":"ReadAction","target":["https:\/\/www.euslots.com\/se\/eu-slots-spelleverantorer\/microgaming-slots\/"]}]},{"@type":"BreadcrumbList","@id":"https:\/\/www.euslots.com\/se\/eu-slots-spelleverantorer\/microgaming-slots\/#breadcrumb","itemListElement":[{"@type":"ListItem","position":1,"name":"Home","item":"https:\/\/www.euslots.com\/se\/"},{"@type":"ListItem","position":2,"name":"EU Slot spelleverant\u00f6rer","item":"https:\/\/www.euslots.com\/se\/eu-slots-spelleverantorer\/"},{"@type":"ListItem","position":3,"name":"Microgaming Slots"}]}]}},"_links":{"self":[{"href":"https:\/\/www.euslots.com\/se\/wp-json\/wp\/v2\/pages\/127"}],"collection":[{"href":"https:\/\/www.euslots.com\/se\/wp-json\/wp\/v2\/pages"}],"about":[{"href":"https:\/\/www.euslots.com\/se\/wp-json\/wp\/v2\/types\/page"}],"author":[{"embeddable":true,"href":"https:\/\/www.euslots.com\/se\/wp-json\/wp\/v2\/users\/1"}],"replies":[{"embeddable":true,"href":"https:\/\/www.euslots.com\/se\/wp-json\/wp\/v2\/comments?post=127"}],"version-history":[{"count":11,"href":"https:\/\/www.euslots.com\/se\/wp-json\/wp\/v2\/pages\/127\/revisions"}],"predecessor-version":[{"id":399,"href":"https:\/\/www.euslots.com\/se\/wp-json\/wp\/v2\/pages\/127\/revisions\/399"}],"up":[{"embeddable":true,"href":"https:\/\/www.euslots.com\/se\/wp-json\/wp\/v2\/pages\/66"}],"wp:attachment":[{"href":"https:\/\/www.euslots.com\/se\/wp-json\/wp\/v2\/media?parent=127"}],"curies":[{"name":"wp","href":"https:\/\/api.w.org\/{rel}","templated":true}]}}