{"id":125,"date":"2020-08-14T05:39:54","date_gmt":"2020-08-14T05:39:54","guid":{"rendered":"https:\/\/www.euslots.com\/se\/?page_id=125"},"modified":"2020-10-29T15:48:37","modified_gmt":"2020-10-29T15:48:37","slug":"blueprint-slots","status":"publish","type":"page","link":"https:\/\/www.euslots.com\/se\/eu-slots-spelleverantorer\/blueprint-slots\/","title":{"rendered":"Blueprint Slots"},"content":{"rendered":"\n<p>Blueprint Slots \u00e4r en Tyst EU slots utvecklare som \u00e4r baserad i UK. Som en spelleverant\u00f6r \u00e4r de <a href=\"\/se\/eu-slots-licenser\/\">licenserade<\/a> utav Malta Gaming Authority och the British Gambling Commission. S\u00e5 du kan vara s\u00e4ker p\u00e5 att deras spel \u00e4r r\u00e4ttvisa. Deras spel kanske \u00e4r verifierade, men \u00e4r de roliga att spela? Forts\u00e4tt l\u00e4s och utforska vad du kan f\u00f6rv\u00e4nta dig fr\u00e5n Blueprint Slots!<\/p>\n\n\n\n<p>Tycker du att simpla 3hjuls slots \u00e4r tr\u00e5kiga? D\u00e5 kommer du h\u00f6gst troligen f\u00e5 en kick utav att spela slots fr\u00e5n Blueprint. Gl\u00f6m bort enkla frukt slots med 1 vinstlinje, Blueprint \u00e4r en <a href=\"\/se\/\">EU slots<\/a> utvecklare som \u00e4r mest k\u00e4nda f\u00f6r deras Megaways slots. Primas Megaways och Fishin Frenzy \u00e4r tv\u00e5 av deras f\u00f6rsta slots som anv\u00e4nde Megaways mekaniken. Vinstlinjerna g\u00e5r ifr\u00e5n 243 vinstlinjer till hela 111,649 s\u00e4tt att vinna p\u00e5.<\/p>\n\n\n\n<p>Ut\u00f6ver Megaways slots har Blueprint skapat m\u00e5nga m\u00e4rkesspel. Om du \u00e4r ett fan av film eller tv-serier kommer du garanterat att hitta en titel som kittlar dig. Fr\u00e5n Deal or No Deal till Rick and Mort och Ted, de finns Blueprint slots f\u00f6r alla.<\/p>\n\n\n\n<figure class=\"wp-block-image size-large\"><img src=\"https:\/\/www.euslots.com\/se\/wp-content\/uploads\/2020\/08\/blueprint-gaming.jpg\" alt=\"\"\/><figcaption>Blueprint Logo<\/figcaption><\/figure>\n\n\n\n<h2 id=\"h-top-3-blueprint-slots\">Top 3 Blueprint Slots<\/h2>\n\n\n\n<p>Blueprint Gaming har en vacker portf\u00f6lj med slots men de \u00e4r n\u00e5gra slots som har fastnat som favoriter hos spelarna. Dessa 3 slots fr\u00e5n Blueprint \u00e4r de som spelarna helst spelar.<\/p>\n\n\n\n<h3 id=\"h-king-kong-cash\">King Kong Cash<\/h3>\n\n\n\n<ul><li><strong>Hjul och vinstlinjer<\/strong>: 5&#215;3 hjul, 20 vinstlinjer<\/li><li><strong>RTP<\/strong>: 95.79%<\/li><li><strong>Bonus funktion<\/strong>: Free spins, Vinst multiplicerare, Random hjul modifierare.<\/li><\/ul>\n\n\n\n<p>King Kong Cash \u00e4r en utav original serien fr\u00e5n BluePrint med en j\u00e4tte gorilla. Blueprint kom senare ut med King Kong Cash Jackpot King och King Kong Cash Full House. Men de \u00e4r originalet som spelarna \u00e4lskar.<\/p>\n\n\n\n<p>N\u00e4r du spinner 5hjuls sloten, kan den gigantiska kong som sover p\u00e5 en sten p\u00e5 sidan av hjulen vakna till liv vilken spinn som helst och bel\u00f6na dig med en 5hjuls modifierare. Dessa King Kong bonusar kan bel\u00f6na dig med garanterade vinster, multiplicerare, extra wilds och free spins.<\/p>\n\n\n\n<h3>Diamond Mine<\/h3>\n\n\n\n<ul><li><strong>Hjul och vinstlinjer<\/strong>: 6&#215;4 hjul, 117,649 vinstlinjer<\/li><li><strong>RTP<\/strong>: 96.43%<\/li><li><strong>Bonus funktion<\/strong>: Megaways, Kaskad hjul och Free Spins<\/li><\/ul>\n\n\n\n<p>Denna Megaways slot har en spelandes Banjo som bakgrunds ljud som de flesta spelarna s\u00e4tter p\u00e5 mute. I den h\u00e4r 6hjuls sloten \u00e5ker du p\u00e5 ett \u00e4ventyr ner i en diamant gruva och anv\u00e4nder dig av TNT f\u00f6r att explodera fram de stora vinsterna. Den stora attraktionen \u00e4r inte Banjon eller diamanterna utan de 117,649 vinstlinjerna.<\/p>\n\n\n\n<p>Med ett tecknat vilda v\u00e4stern tema, kommer Diamond Mine f\u00e5 dig att jaga efter glittriga skatter. Utbetalningen f\u00f6r 6 diamanter \u00e4r 50x din insats! Varje g\u00e5ng du f\u00e5r en vinnande kombination f\u00f6rsvinner de matchande symbolerna och hjulen kaskader ner. De ger dig fler vinstchanser med multiplicerad utbetalning.<\/p>\n\n\n\n<h3 id=\"h-the-goonies\">The Goonies<\/h3>\n\n\n\n<ul><li><strong>Hjul och vinstlinjer<\/strong>: 5&#215;3 hjul, 20 vinstlinjer<\/li><li><strong>RTP<\/strong>: 96.00%<\/li><li><strong>Bonus funktion<\/strong>: Hjul Bonus, Garanterad vinst spins, Gigantiska symboler<\/li><\/ul>\n\n\n\n<p>Hey, you guys! Gillar du att hoppa in I en av dina barndoms favorit filmer? Blueprint skickar dig p\u00e5 en jakt efter One Eyed Willy\u00b4s Skatt i The Goonies Slot. \u00c5terkoppla med Mouth, Data, Sloth, Mikey och Chunk n\u00e4r du startar deras individuella bonusfunktioner. Du kan trigga dessa p\u00e5 varje spin eller vinn en av dom n\u00e4r du spinner hjulen.<\/p>\n\n\n\n<p>De finns stora symboler som sitter ihop och wilds som hj\u00e4lper dig p\u00e5 v\u00e4gen mot skatten. I bonusfunktionen Inferno Free Spins som \u00e4r den b\u00e4sta bonusen som spelet har, kan du trigga upp till tre fulla hjul med Wilds, dessa kan sitta ihop och verkligen boosta din pl\u00e5nbok.<\/p>\n","protected":false},"excerpt":{"rendered":"<p>Blueprint Slots \u00e4r en Tyst EU slots utvecklare som \u00e4r baserad i UK. Som en spelleverant\u00f6r \u00e4r de licenserade utav Malta Gaming Authority och the British Gambling Commission. S\u00e5 du kan vara s\u00e4ker p\u00e5 att deras spel \u00e4r r\u00e4ttvisa. Deras spel kanske \u00e4r verifierade, men \u00e4r de roliga att spela? Forts\u00e4tt l\u00e4s och utforska vad [&hellip;]<\/p>\n","protected":false},"author":1,"featured_media":0,"parent":66,"menu_order":0,"comment_status":"closed","ping_status":"closed","template":"","meta":[],"yoast_head":"<!-- This site is optimized with the Yoast SEO Premium plugin v18.6 (Yoast SEO v19.0) - https:\/\/yoast.com\/wordpress\/plugins\/seo\/ -->\n<title>Blueprint Gaming | Top 3 Slots 2026 \u2013 EuSlots.com<\/title>\n<meta name=\"description\" content=\"EU slots leverant\u00f6ren Blueprint Gaming. Utforska mer om Blueprint och deras 3 b\u00e4sta slots: King Kong Cash, Diamond Mine &amp; The Goonies.\" \/>\n<meta name=\"robots\" content=\"index, follow, max-snippet:-1, max-image-preview:large, max-video-preview:-1\" \/>\n<link rel=\"canonical\" href=\"https:\/\/www.euslots.com\/se\/eu-slots-spelleverantorer\/blueprint-slots\/\" \/>\n<meta property=\"og:locale\" content=\"en_US\" \/>\n<meta property=\"og:type\" content=\"article\" \/>\n<meta property=\"og:title\" content=\"Blueprint Slots\" \/>\n<meta property=\"og:description\" content=\"EU slots leverant\u00f6ren Blueprint Gaming. Utforska mer om Blueprint och deras 3 b\u00e4sta slots: King Kong Cash, Diamond Mine &amp; The Goonies.\" \/>\n<meta property=\"og:url\" content=\"https:\/\/www.euslots.com\/se\/eu-slots-spelleverantorer\/blueprint-slots\/\" \/>\n<meta property=\"og:site_name\" content=\"EU Slots\" \/>\n<meta property=\"article:modified_time\" content=\"2020-10-29T15:48:37+00:00\" \/>\n<meta property=\"og:image\" content=\"https:\/\/www.euslots.com\/se\/wp-content\/uploads\/2020\/08\/blueprint-gaming.jpg\" \/>\n<meta name=\"twitter:card\" content=\"summary_large_image\" \/>\n<meta name=\"twitter:label1\" content=\"Est. reading time\" \/>\n\t<meta name=\"twitter:data1\" content=\"3 minutes\" \/>\n<script type=\"application\/ld+json\" class=\"yoast-schema-graph\">{\"@context\":\"https:\/\/schema.org\",\"@graph\":[{\"@type\":\"WebSite\",\"@id\":\"https:\/\/www.euslots.com\/se\/#website\",\"url\":\"https:\/\/www.euslots.com\/se\/\",\"name\":\"EU Slots\",\"description\":\"\",\"potentialAction\":[{\"@type\":\"SearchAction\",\"target\":{\"@type\":\"EntryPoint\",\"urlTemplate\":\"https:\/\/www.euslots.com\/se\/?s={search_term_string}\"},\"query-input\":\"required name=search_term_string\"}],\"inLanguage\":\"en-US\"},{\"@type\":\"ImageObject\",\"inLanguage\":\"en-US\",\"@id\":\"https:\/\/www.euslots.com\/se\/eu-slots-spelleverantorer\/blueprint-slots\/#primaryimage\",\"url\":\"https:\/\/www.euslots.com\/se\/wp-content\/uploads\/2020\/08\/blueprint-gaming.jpg\",\"contentUrl\":\"https:\/\/www.euslots.com\/se\/wp-content\/uploads\/2020\/08\/blueprint-gaming.jpg\",\"width\":300,\"height\":159,\"caption\":\"blueprint gaming\"},{\"@type\":\"WebPage\",\"@id\":\"https:\/\/www.euslots.com\/se\/eu-slots-spelleverantorer\/blueprint-slots\/#webpage\",\"url\":\"https:\/\/www.euslots.com\/se\/eu-slots-spelleverantorer\/blueprint-slots\/\",\"name\":\"Blueprint Gaming | Top 3 Slots 2026 \u2013 EuSlots.com\",\"isPartOf\":{\"@id\":\"https:\/\/www.euslots.com\/se\/#website\"},\"primaryImageOfPage\":{\"@id\":\"https:\/\/www.euslots.com\/se\/eu-slots-spelleverantorer\/blueprint-slots\/#primaryimage\"},\"datePublished\":\"2020-08-14T05:39:54+00:00\",\"dateModified\":\"2020-10-29T15:48:37+00:00\",\"description\":\"EU slots leverant\u00f6ren Blueprint Gaming. Utforska mer om Blueprint och deras 3 b\u00e4sta slots: King Kong Cash, Diamond Mine & The Goonies.\",\"breadcrumb\":{\"@id\":\"https:\/\/www.euslots.com\/se\/eu-slots-spelleverantorer\/blueprint-slots\/#breadcrumb\"},\"inLanguage\":\"en-US\",\"potentialAction\":[{\"@type\":\"ReadAction\",\"target\":[\"https:\/\/www.euslots.com\/se\/eu-slots-spelleverantorer\/blueprint-slots\/\"]}]},{\"@type\":\"BreadcrumbList\",\"@id\":\"https:\/\/www.euslots.com\/se\/eu-slots-spelleverantorer\/blueprint-slots\/#breadcrumb\",\"itemListElement\":[{\"@type\":\"ListItem\",\"position\":1,\"name\":\"Home\",\"item\":\"https:\/\/www.euslots.com\/se\/\"},{\"@type\":\"ListItem\",\"position\":2,\"name\":\"EU Slot spelleverant\u00f6rer\",\"item\":\"https:\/\/www.euslots.com\/se\/eu-slots-spelleverantorer\/\"},{\"@type\":\"ListItem\",\"position\":3,\"name\":\"Blueprint Slots\"}]}]}<\/script>\n<!-- \/ Yoast SEO Premium plugin. -->","yoast_head_json":{"title":"Blueprint Gaming | Top 3 Slots 2026 \u2013 EuSlots.com","description":"EU slots leverant\u00f6ren Blueprint Gaming. Utforska mer om Blueprint och deras 3 b\u00e4sta slots: King Kong Cash, Diamond Mine & The Goonies.","robots":{"index":"index","follow":"follow","max-snippet":"max-snippet:-1","max-image-preview":"max-image-preview:large","max-video-preview":"max-video-preview:-1"},"canonical":"https:\/\/www.euslots.com\/se\/eu-slots-spelleverantorer\/blueprint-slots\/","og_locale":"en_US","og_type":"article","og_title":"Blueprint Slots","og_description":"EU slots leverant\u00f6ren Blueprint Gaming. Utforska mer om Blueprint och deras 3 b\u00e4sta slots: King Kong Cash, Diamond Mine & The Goonies.","og_url":"https:\/\/www.euslots.com\/se\/eu-slots-spelleverantorer\/blueprint-slots\/","og_site_name":"EU Slots","article_modified_time":"2020-10-29T15:48:37+00:00","og_image":[{"url":"https:\/\/www.euslots.com\/se\/wp-content\/uploads\/2020\/08\/blueprint-gaming.jpg"}],"twitter_card":"summary_large_image","twitter_misc":{"Est. reading time":"3 minutes"},"schema":{"@context":"https:\/\/schema.org","@graph":[{"@type":"WebSite","@id":"https:\/\/www.euslots.com\/se\/#website","url":"https:\/\/www.euslots.com\/se\/","name":"EU Slots","description":"","potentialAction":[{"@type":"SearchAction","target":{"@type":"EntryPoint","urlTemplate":"https:\/\/www.euslots.com\/se\/?s={search_term_string}"},"query-input":"required name=search_term_string"}],"inLanguage":"en-US"},{"@type":"ImageObject","inLanguage":"en-US","@id":"https:\/\/www.euslots.com\/se\/eu-slots-spelleverantorer\/blueprint-slots\/#primaryimage","url":"https:\/\/www.euslots.com\/se\/wp-content\/uploads\/2020\/08\/blueprint-gaming.jpg","contentUrl":"https:\/\/www.euslots.com\/se\/wp-content\/uploads\/2020\/08\/blueprint-gaming.jpg","width":300,"height":159,"caption":"blueprint gaming"},{"@type":"WebPage","@id":"https:\/\/www.euslots.com\/se\/eu-slots-spelleverantorer\/blueprint-slots\/#webpage","url":"https:\/\/www.euslots.com\/se\/eu-slots-spelleverantorer\/blueprint-slots\/","name":"Blueprint Gaming | Top 3 Slots 2026 \u2013 EuSlots.com","isPartOf":{"@id":"https:\/\/www.euslots.com\/se\/#website"},"primaryImageOfPage":{"@id":"https:\/\/www.euslots.com\/se\/eu-slots-spelleverantorer\/blueprint-slots\/#primaryimage"},"datePublished":"2020-08-14T05:39:54+00:00","dateModified":"2020-10-29T15:48:37+00:00","description":"EU slots leverant\u00f6ren Blueprint Gaming. Utforska mer om Blueprint och deras 3 b\u00e4sta slots: King Kong Cash, Diamond Mine & The Goonies.","breadcrumb":{"@id":"https:\/\/www.euslots.com\/se\/eu-slots-spelleverantorer\/blueprint-slots\/#breadcrumb"},"inLanguage":"en-US","potentialAction":[{"@type":"ReadAction","target":["https:\/\/www.euslots.com\/se\/eu-slots-spelleverantorer\/blueprint-slots\/"]}]},{"@type":"BreadcrumbList","@id":"https:\/\/www.euslots.com\/se\/eu-slots-spelleverantorer\/blueprint-slots\/#breadcrumb","itemListElement":[{"@type":"ListItem","position":1,"name":"Home","item":"https:\/\/www.euslots.com\/se\/"},{"@type":"ListItem","position":2,"name":"EU Slot spelleverant\u00f6rer","item":"https:\/\/www.euslots.com\/se\/eu-slots-spelleverantorer\/"},{"@type":"ListItem","position":3,"name":"Blueprint Slots"}]}]}},"_links":{"self":[{"href":"https:\/\/www.euslots.com\/se\/wp-json\/wp\/v2\/pages\/125"}],"collection":[{"href":"https:\/\/www.euslots.com\/se\/wp-json\/wp\/v2\/pages"}],"about":[{"href":"https:\/\/www.euslots.com\/se\/wp-json\/wp\/v2\/types\/page"}],"author":[{"embeddable":true,"href":"https:\/\/www.euslots.com\/se\/wp-json\/wp\/v2\/users\/1"}],"replies":[{"embeddable":true,"href":"https:\/\/www.euslots.com\/se\/wp-json\/wp\/v2\/comments?post=125"}],"version-history":[{"count":19,"href":"https:\/\/www.euslots.com\/se\/wp-json\/wp\/v2\/pages\/125\/revisions"}],"predecessor-version":[{"id":398,"href":"https:\/\/www.euslots.com\/se\/wp-json\/wp\/v2\/pages\/125\/revisions\/398"}],"up":[{"embeddable":true,"href":"https:\/\/www.euslots.com\/se\/wp-json\/wp\/v2\/pages\/66"}],"wp:attachment":[{"href":"https:\/\/www.euslots.com\/se\/wp-json\/wp\/v2\/media?parent=125"}],"curies":[{"name":"wp","href":"https:\/\/api.w.org\/{rel}","templated":true}]}}