{"id":123,"date":"2020-08-14T05:39:10","date_gmt":"2020-08-14T05:39:10","guid":{"rendered":"https:\/\/www.euslots.com\/se\/?page_id=123"},"modified":"2020-10-29T15:49:23","modified_gmt":"2020-10-29T15:49:23","slug":"novomatic-slots","status":"publish","type":"page","link":"https:\/\/www.euslots.com\/se\/eu-slots-spelleverantorer\/novomatic-slots\/","title":{"rendered":"Novomatic Slots"},"content":{"rendered":"\n<p>F\u00f6r klassiska slots finns de ingen b\u00e4ttre <a href=\"\/se\/\">EU slots<\/a> utvecklare \u00e4n Novomatic. \u00c4ven fast de forts\u00e4tter att sl\u00e4ppa nya spel med en grafik som platsar in i 2020 s\u00e5 \u00e4r de deras klassiska slots som har fastnat i hj\u00e4rtan p\u00e5 spelare. Den \u00f6sterrikiska spelutvecklaren varit en riktig v\u00e4gvisare n\u00e4r de kommer till bonusfunktioner och teman. Deras signatur slots med ett egyptiskt tema Book of Ra har inspirerat n\u00e4stan alla andra spelutvecklare att g\u00f6ra en inimitation.<\/p>\n\n\n\n<p><a href=\"\/se\/eu-slots-spelleverantorer\/novomatic-slots\/\">Novomatic slots<\/a> \u00e4r anv\u00e4ndarv\u00e4nliga och bonusfunktionerna \u00e4r explosiva. M\u00e5nga av deras popul\u00e4raste titlar har liknande bonusfunktioner och free spins rundor f\u00f6r att mekaniken fungerar s\u00e5 bra och spelarna \u00e4lskar de! Deras spel har inte alltid de h\u00f6gsta <a href=\"\/se\/eu-slots-rtp\/\">RTP<\/a> men de betyder inte att de inte betalar ut vinster, utan ist\u00e4llet s\u00e5 n\u00e4r du tr\u00e4ffan en bonusfunktion finns de st\u00f6rre chans att du vinner en storvinst!<\/p>\n\n\n\n<figure class=\"wp-block-image size-large\"><img src=\"https:\/\/www.euslots.com\/se\/wp-content\/uploads\/2020\/08\/novomatic.jpg\" alt=\"\"\/><figcaption>Novomatic Logo<\/figcaption><\/figure>\n\n\n\n<h2 id=\"h-top-3-novomatic-slots\">Top 3 Novomatic Slots<\/h2>\n\n\n\n<p>Oavsett att Novomatic sl\u00e4pper nya spel varje \u00e5r, s\u00e5 \u00e4lskar spelare fortfarande att spela deras klassiska slots, l\u00e4s nedan f\u00f6r att ta reda p\u00e5 de top 3 Novomatic slots.<\/p>\n\n\n\n<h3 id=\"h-book-of-ra\">Book of Ra<\/h3>\n\n\n\n<ul><li><strong>Hjul och Vinstlinjer:<\/strong> 5&#215;3 hjul, 9 vinstlinjer<\/li><li><strong>RTP: <\/strong>94.26%<\/li><li><strong>Bonusfunktion:<\/strong> Free spins, Expanderande symboler<\/li><\/ul>\n\n\n\n<p>Book of Ra \u00e4r en Egyptisk slot. Man kan \u00e4ven s\u00e4ga att de \u00e4r gudfadern f\u00f6r alla egyptiska slots. Den karakt\u00e4ren som vi f\u00f6ljer \u00e4r en arkeolog som tar dig in i en Egyptisk grotta d\u00e4r de finns skatter som symboler. \u00c4ven fast RTP \u00e4r l\u00e5g finns de en anledning varf\u00f6r spelar forts\u00e4tter att spela Book of Ra.<\/p>\n\n\n\n<p>Du kommer att se exakt varf\u00f6r spelare \u00e4lskar Book of Ra n\u00e4r du spelar spelet och landar 3 scatters. Med den kombinationen bel\u00f6nas du med 10 free spins att spela. Innan free Spinsen b\u00f6rjar \u00f6ppnas den mystiska Book of Ra och v\u00e4ljer en speciell symbol som expanderas p\u00e5 hjulen. Den valda symbolen \u00e4ndras varje g\u00e5ng du bel\u00f6nas med free spins. Under din bonusfunktion, om du landar tillr\u00e4ckligt m\u00e5nga specialsymboler kommer de att expandera och t\u00e4cka fulla hjul och bel\u00f6na dig med stora vinster!<\/p>\n\n\n\n<h3 id=\"h-sizzling-hot\">Sizzling Hot<\/h3>\n\n\n\n<ul><li><strong>Hjul &amp; vinstlinjer: <\/strong>5&#215;3 hjul, 5 vinstlinjer<\/li><li><strong>RTP: <\/strong>95.66%<\/li><li><strong>Bonus Features:<\/strong> Scatter symbols<\/li><\/ul>\n\n\n\n<p>Sizzling Hot \u00e4r ett original skapat av Novomatic och en av de popul\u00e4raste frukt slotsen. Denna slot med 5 vinstlinjer har haft m\u00e5nga efterf\u00f6ljare s\u00e5som: Sizzling Hot Deluxe, Sizzling Hot 6 och Sizzling Hot Quattro. De \u00e4r en flammande het frukt slot med en klassisk design. Du kommer att hitta de bekanta r\u00f6da k\u00f6rsb\u00e4ren, vindruvor, vattenmeloner och r\u00f6da 7or p\u00e5 de heta hjulen.<\/p>\n\n\n\n<p>Du kan inte vinna free spins eller n\u00e5gon bonus runda i Sizzling Hot. Du kanske undrar varf\u00f6r spelare gillar de s\u00e5 mycket n\u00e4r de inte finns n\u00e5gon bonus runda ut\u00f6ver snatters att njuta av. M\u00e5nga spelare gillar spelet f\u00f6r dess l\u00e5ga volatilitet. P\u00e5 en slot med l\u00e5g volatilitet s\u00e5 kan du se dig spela en l\u00e4ngre tid, d\u00e5 vinsterna \u00e4r m\u00e5nga fler men mycket mindre, men l\u00e5t dig inte luras, du kan fortfarande vinna stort!<\/p>\n\n\n\n<h3 id=\"h-lucky-lady-s-charm\">Lucky Lady\u2019s Charm<\/h3>\n\n\n\n<ul><li><strong>Hjul &amp; Vinstlinjer: <\/strong>5&#215;3 Hjul, 20 vinstlinjer<\/li><li><strong>RTP:<\/strong> 95.13%<\/li><li><strong>Bonusfunktion: <\/strong>Free spins, Dubbel och trippel vinst multiplikator<\/li><\/ul>\n\n\n\n<p>Ett stort antal slot-spelare anser att denna Novomatic slot \u00e4r deras lyckoamulett, f\u00f6r de finns tillr\u00e4ckligt m\u00e5nga p\u00e5 hjulen p\u00e5 denna slot f\u00f6r att r\u00e4cka i veckor! Du m\u00e5ste f\u00e5 in en vinst med h\u00e4stskor, mynt, fyrkl\u00f6ver eller Damen f\u00f6r att f\u00e5 en storvinst, f\u00f6r dubbel utbetalning m\u00e5ste du f\u00e5 en vinnande kombination med damen som \u00e4ven agerar wild. Hon \u00e4r den s\u00f6taste wilden p\u00e5 en Novomatic slot och multiplicerar dina vinster med 2.<\/p>\n\n\n\n<p>F\u00f6r trippla vinster m\u00e5ste du landa en bonusrunda. Tre kristall bollar agerar skatter symboler och kommer bel\u00f6na dig med 15 free spins, de finns inga speciella symboler som expanderar i denna bonusrunda utan alla vinster multipliceras med tre!<\/p>\n","protected":false},"excerpt":{"rendered":"<p>F\u00f6r klassiska slots finns de ingen b\u00e4ttre EU slots utvecklare \u00e4n Novomatic. \u00c4ven fast de forts\u00e4tter att sl\u00e4ppa nya spel med en grafik som platsar in i 2020 s\u00e5 \u00e4r de deras klassiska slots som har fastnat i hj\u00e4rtan p\u00e5 spelare. Den \u00f6sterrikiska spelutvecklaren varit en riktig v\u00e4gvisare n\u00e4r de kommer till bonusfunktioner och teman. [&hellip;]<\/p>\n","protected":false},"author":1,"featured_media":0,"parent":66,"menu_order":0,"comment_status":"closed","ping_status":"closed","template":"","meta":[],"yoast_head":"<!-- This site is optimized with the Yoast SEO Premium plugin v18.6 (Yoast SEO v19.0) - https:\/\/yoast.com\/wordpress\/plugins\/seo\/ -->\n<title>Novomatic | Top 3 Slot Games 2026 \u2013 EuSlots.com<\/title>\n<meta name=\"description\" content=\"EU Slots Leverant\u00f6ren Novomatic. Utforska mer om Novomatic och deras 3 b\u00e4sta slots: Book of Ra, Sizzling Hot &amp; Lucky Lady\u2019s Charm.\" \/>\n<meta name=\"robots\" content=\"index, follow, max-snippet:-1, max-image-preview:large, max-video-preview:-1\" \/>\n<link rel=\"canonical\" href=\"https:\/\/www.euslots.com\/se\/eu-slots-spelleverantorer\/novomatic-slots\/\" \/>\n<meta property=\"og:locale\" content=\"en_US\" \/>\n<meta property=\"og:type\" content=\"article\" \/>\n<meta property=\"og:title\" content=\"Novomatic Slots\" \/>\n<meta property=\"og:description\" content=\"EU Slots Leverant\u00f6ren Novomatic. Utforska mer om Novomatic och deras 3 b\u00e4sta slots: Book of Ra, Sizzling Hot &amp; Lucky Lady\u2019s Charm.\" \/>\n<meta property=\"og:url\" content=\"https:\/\/www.euslots.com\/se\/eu-slots-spelleverantorer\/novomatic-slots\/\" \/>\n<meta property=\"og:site_name\" content=\"EU Slots\" \/>\n<meta property=\"article:modified_time\" content=\"2020-10-29T15:49:23+00:00\" \/>\n<meta property=\"og:image\" content=\"https:\/\/www.euslots.com\/se\/wp-content\/uploads\/2020\/08\/novomatic.jpg\" \/>\n<meta name=\"twitter:card\" content=\"summary_large_image\" \/>\n<meta name=\"twitter:label1\" content=\"Est. reading time\" \/>\n\t<meta name=\"twitter:data1\" content=\"3 minutes\" \/>\n<script type=\"application\/ld+json\" class=\"yoast-schema-graph\">{\"@context\":\"https:\/\/schema.org\",\"@graph\":[{\"@type\":\"WebSite\",\"@id\":\"https:\/\/www.euslots.com\/se\/#website\",\"url\":\"https:\/\/www.euslots.com\/se\/\",\"name\":\"EU Slots\",\"description\":\"\",\"potentialAction\":[{\"@type\":\"SearchAction\",\"target\":{\"@type\":\"EntryPoint\",\"urlTemplate\":\"https:\/\/www.euslots.com\/se\/?s={search_term_string}\"},\"query-input\":\"required name=search_term_string\"}],\"inLanguage\":\"en-US\"},{\"@type\":\"ImageObject\",\"inLanguage\":\"en-US\",\"@id\":\"https:\/\/www.euslots.com\/se\/eu-slots-spelleverantorer\/novomatic-slots\/#primaryimage\",\"url\":\"https:\/\/www.euslots.com\/se\/wp-content\/uploads\/2020\/08\/novomatic.jpg\",\"contentUrl\":\"https:\/\/www.euslots.com\/se\/wp-content\/uploads\/2020\/08\/novomatic.jpg\",\"width\":300,\"height\":159,\"caption\":\"novomatic\"},{\"@type\":\"WebPage\",\"@id\":\"https:\/\/www.euslots.com\/se\/eu-slots-spelleverantorer\/novomatic-slots\/#webpage\",\"url\":\"https:\/\/www.euslots.com\/se\/eu-slots-spelleverantorer\/novomatic-slots\/\",\"name\":\"Novomatic | Top 3 Slot Games 2026 \u2013 EuSlots.com\",\"isPartOf\":{\"@id\":\"https:\/\/www.euslots.com\/se\/#website\"},\"primaryImageOfPage\":{\"@id\":\"https:\/\/www.euslots.com\/se\/eu-slots-spelleverantorer\/novomatic-slots\/#primaryimage\"},\"datePublished\":\"2020-08-14T05:39:10+00:00\",\"dateModified\":\"2020-10-29T15:49:23+00:00\",\"description\":\"EU Slots Leverant\u00f6ren Novomatic. Utforska mer om Novomatic och deras 3 b\u00e4sta slots: Book of Ra, Sizzling Hot & Lucky Lady\u2019s Charm.\",\"breadcrumb\":{\"@id\":\"https:\/\/www.euslots.com\/se\/eu-slots-spelleverantorer\/novomatic-slots\/#breadcrumb\"},\"inLanguage\":\"en-US\",\"potentialAction\":[{\"@type\":\"ReadAction\",\"target\":[\"https:\/\/www.euslots.com\/se\/eu-slots-spelleverantorer\/novomatic-slots\/\"]}]},{\"@type\":\"BreadcrumbList\",\"@id\":\"https:\/\/www.euslots.com\/se\/eu-slots-spelleverantorer\/novomatic-slots\/#breadcrumb\",\"itemListElement\":[{\"@type\":\"ListItem\",\"position\":1,\"name\":\"Home\",\"item\":\"https:\/\/www.euslots.com\/se\/\"},{\"@type\":\"ListItem\",\"position\":2,\"name\":\"EU Slot spelleverant\u00f6rer\",\"item\":\"https:\/\/www.euslots.com\/se\/eu-slots-spelleverantorer\/\"},{\"@type\":\"ListItem\",\"position\":3,\"name\":\"Novomatic Slots\"}]}]}<\/script>\n<!-- \/ Yoast SEO Premium plugin. -->","yoast_head_json":{"title":"Novomatic | Top 3 Slot Games 2026 \u2013 EuSlots.com","description":"EU Slots Leverant\u00f6ren Novomatic. Utforska mer om Novomatic och deras 3 b\u00e4sta slots: Book of Ra, Sizzling Hot & Lucky Lady\u2019s Charm.","robots":{"index":"index","follow":"follow","max-snippet":"max-snippet:-1","max-image-preview":"max-image-preview:large","max-video-preview":"max-video-preview:-1"},"canonical":"https:\/\/www.euslots.com\/se\/eu-slots-spelleverantorer\/novomatic-slots\/","og_locale":"en_US","og_type":"article","og_title":"Novomatic Slots","og_description":"EU Slots Leverant\u00f6ren Novomatic. Utforska mer om Novomatic och deras 3 b\u00e4sta slots: Book of Ra, Sizzling Hot & Lucky Lady\u2019s Charm.","og_url":"https:\/\/www.euslots.com\/se\/eu-slots-spelleverantorer\/novomatic-slots\/","og_site_name":"EU Slots","article_modified_time":"2020-10-29T15:49:23+00:00","og_image":[{"url":"https:\/\/www.euslots.com\/se\/wp-content\/uploads\/2020\/08\/novomatic.jpg"}],"twitter_card":"summary_large_image","twitter_misc":{"Est. reading time":"3 minutes"},"schema":{"@context":"https:\/\/schema.org","@graph":[{"@type":"WebSite","@id":"https:\/\/www.euslots.com\/se\/#website","url":"https:\/\/www.euslots.com\/se\/","name":"EU Slots","description":"","potentialAction":[{"@type":"SearchAction","target":{"@type":"EntryPoint","urlTemplate":"https:\/\/www.euslots.com\/se\/?s={search_term_string}"},"query-input":"required name=search_term_string"}],"inLanguage":"en-US"},{"@type":"ImageObject","inLanguage":"en-US","@id":"https:\/\/www.euslots.com\/se\/eu-slots-spelleverantorer\/novomatic-slots\/#primaryimage","url":"https:\/\/www.euslots.com\/se\/wp-content\/uploads\/2020\/08\/novomatic.jpg","contentUrl":"https:\/\/www.euslots.com\/se\/wp-content\/uploads\/2020\/08\/novomatic.jpg","width":300,"height":159,"caption":"novomatic"},{"@type":"WebPage","@id":"https:\/\/www.euslots.com\/se\/eu-slots-spelleverantorer\/novomatic-slots\/#webpage","url":"https:\/\/www.euslots.com\/se\/eu-slots-spelleverantorer\/novomatic-slots\/","name":"Novomatic | Top 3 Slot Games 2026 \u2013 EuSlots.com","isPartOf":{"@id":"https:\/\/www.euslots.com\/se\/#website"},"primaryImageOfPage":{"@id":"https:\/\/www.euslots.com\/se\/eu-slots-spelleverantorer\/novomatic-slots\/#primaryimage"},"datePublished":"2020-08-14T05:39:10+00:00","dateModified":"2020-10-29T15:49:23+00:00","description":"EU Slots Leverant\u00f6ren Novomatic. Utforska mer om Novomatic och deras 3 b\u00e4sta slots: Book of Ra, Sizzling Hot & Lucky Lady\u2019s Charm.","breadcrumb":{"@id":"https:\/\/www.euslots.com\/se\/eu-slots-spelleverantorer\/novomatic-slots\/#breadcrumb"},"inLanguage":"en-US","potentialAction":[{"@type":"ReadAction","target":["https:\/\/www.euslots.com\/se\/eu-slots-spelleverantorer\/novomatic-slots\/"]}]},{"@type":"BreadcrumbList","@id":"https:\/\/www.euslots.com\/se\/eu-slots-spelleverantorer\/novomatic-slots\/#breadcrumb","itemListElement":[{"@type":"ListItem","position":1,"name":"Home","item":"https:\/\/www.euslots.com\/se\/"},{"@type":"ListItem","position":2,"name":"EU Slot spelleverant\u00f6rer","item":"https:\/\/www.euslots.com\/se\/eu-slots-spelleverantorer\/"},{"@type":"ListItem","position":3,"name":"Novomatic Slots"}]}]}},"_links":{"self":[{"href":"https:\/\/www.euslots.com\/se\/wp-json\/wp\/v2\/pages\/123"}],"collection":[{"href":"https:\/\/www.euslots.com\/se\/wp-json\/wp\/v2\/pages"}],"about":[{"href":"https:\/\/www.euslots.com\/se\/wp-json\/wp\/v2\/types\/page"}],"author":[{"embeddable":true,"href":"https:\/\/www.euslots.com\/se\/wp-json\/wp\/v2\/users\/1"}],"replies":[{"embeddable":true,"href":"https:\/\/www.euslots.com\/se\/wp-json\/wp\/v2\/comments?post=123"}],"version-history":[{"count":9,"href":"https:\/\/www.euslots.com\/se\/wp-json\/wp\/v2\/pages\/123\/revisions"}],"predecessor-version":[{"id":395,"href":"https:\/\/www.euslots.com\/se\/wp-json\/wp\/v2\/pages\/123\/revisions\/395"}],"up":[{"embeddable":true,"href":"https:\/\/www.euslots.com\/se\/wp-json\/wp\/v2\/pages\/66"}],"wp:attachment":[{"href":"https:\/\/www.euslots.com\/se\/wp-json\/wp\/v2\/media?parent=123"}],"curies":[{"name":"wp","href":"https:\/\/api.w.org\/{rel}","templated":true}]}}