{"id":121,"date":"2020-08-14T05:38:27","date_gmt":"2020-08-14T05:38:27","guid":{"rendered":"https:\/\/www.euslots.com\/se\/?page_id=121"},"modified":"2020-10-29T15:49:07","modified_gmt":"2020-10-29T15:49:07","slug":"netent-slots","status":"publish","type":"page","link":"https:\/\/www.euslots.com\/se\/eu-slots-spelleverantorer\/netent-slots\/","title":{"rendered":"NetEnt Slots"},"content":{"rendered":"\n<p class=\"has-text-align-left\">NetEnt \u00e4r ett hush\u00e5llsnamn i casino v\u00e4rlden. De \u00e4r en <a href=\"\/se\/\">EU slots<\/a> utvecklare som har utvecklat slots f\u00f6r b\u00e5de landbaserade casinos&nbsp; och online casinos i \u00f6ver 20 \u00e5r. De \u00e4r en utvecklare som verkligen l\u00e4gger allt p\u00e5 grafiken. Nuf\u00f6rtiden hittar&nbsp; man allt f\u00f6r en ofta en ny slot som ser ut som den \u00e4r gjord p\u00e5 70 talet, men de kommer aldrig att h\u00e4nda med en NetEnt slot. Med deras snygga designs&nbsp; ser de n\u00e4stan ut som&nbsp; ett tv-spel.<\/p>\n\n\n\n<p>Dom har en stor variation p\u00e5 sina slots, inkludera \u00e4ven deras jackpot spel och slots baserat p\u00e5 olika teman. Du kan hitta b\u00e5de l\u00e5g volatilitet och&nbsp; h\u00f6g volatilitet hos <a href=\"\/se\/eu-slots-spelleverantorer\/netent\/\">NetEnt slots<\/a>. De finns ocks\u00e5 slots i deras portfolio med v\u00e4ldigt h\u00f6g RTP. Alla vet att du har chansen till en storvinst n\u00e4r du triggar en bonusfunktion p\u00e5 en slot gjord av NetEnt. L\u00e5t oss ta en titt p\u00e5 deras top tre popul\u00e4raste titlar och deras bonus funktioner!<\/p>\n\n\n\n<figure class=\"wp-block-image size-large\"><img src=\"https:\/\/www.euslots.com\/se\/wp-content\/uploads\/2020\/07\/netent-logo.png\" alt=\"\"\/><figcaption>NetEnt Logo<\/figcaption><\/figure>\n\n\n\n<h2 id=\"h-top-3-netent-slots\">Top 3 NetEnt Slots<\/h2>\n\n\n\n<p>Med ett gigantiskt bibliotek av slots, hur kan man veta vad man ska v\u00e4lja? Forts\u00e4tt l\u00e4sa f\u00f6r att f\u00e5 reda p\u00e5 vilka NetEnt slots som spelar f\u00f6redrar ut\u00f6ver de andra. H\u00e4r \u00e4r de 3 b\u00e4sta slotsen fr\u00e5n NetEnt:<\/p>\n\n\n\n<h3 id=\"h-starburst\">Starburst<\/h3>\n\n\n\n<ul><li><strong>Hjul &amp; Vinstlinjjer:<\/strong> 5&#215;3 hjul, 10 vinstlinjer<\/li><li><strong>RTP:<\/strong> 96.09%<\/li><li><strong>Bonusfunktioner:<\/strong> Respins och expanderade wilds<\/li><\/ul>\n\n\n\n<p>Starburst \u00e4r en riktig gammal goding n\u00e4r de kommer till slots. Detta \u00e4r NetEnts version p\u00e5 en gammal 3hjuls diamant slot. Med en modern tvist s\u00e5 ser man \u00e4nd\u00e5 att de l\u00e4mnat kvar de klassiska utseendet och beh\u00e5llt 3hjuls designen. \u00c4ven fast Starburst \u00e4r ett ganska simpel spel s\u00e5 \u00e4lskar spelare de. De \u00e4r en perfekt slot f\u00f6r nyb\u00f6rjare som inte vill spela en gammal slot med usel grafik.<\/p>\n\n\n\n<p>De finns inga free spins eller komplicerade bonus rundor, vilket \u00e4r d\u00e4rf\u00f6r de \u00e4r ett enkelt spel att f\u00f6rst\u00e5. Du beh\u00f6ver inte kasta bort tid p\u00e5 att l\u00e4sa information om spelet f\u00f6r att f\u00f6rst\u00e5 reglerna! N\u00e4r du landar en regnb\u00e5gsf\u00e4rgad wild i mitten s\u00e5 kommer den att fylla ett helt hjul och ge dig en extra spin. Detta kan h\u00e4nda tre g\u00e5nger irad med tre fulla wild hjul som ger dig en stor vinst.<\/p>\n\n\n\n<h3 id=\"h-jack-and-the-beanstalk\">Jack and the Beanstalk<\/h3>\n\n\n\n<ul><li><strong>Hjul och vinstlinjer:<\/strong> 5&#215;3 hjul, 20 vinstlinjer<\/li><li><strong>RTP:<\/strong> 96.28%<\/li><li><strong>Bonusfunktioner:<\/strong> Free spins, Wild multiplicerare, g\u00e5ende wilds and expanderade wilds<\/li><\/ul>\n\n\n\n<p>Sagohistorier \u00e4r oftast roliga och de \u00e4r exakt vad denna slot baserad p\u00e5 den klassiska historien om Jack and the Beanstalk \u00e4r. Denna slot kunde inte vara mer simple och ha samma k\u00e4nsla som Starburst. De ligger en sp\u00e4nning under varje spinn! Den st\u00f6rsta utbetalningen kommer fr\u00e5n g\u00e5ende wilds som multiplicerar vinsterna med 3.<\/p>\n\n\n\n<p>De g\u00e5ende wildsen finns ocks\u00e5 tillg\u00e4ngliga under free spins rundan. I bonusen s\u00e5 m\u00e5ste du tr\u00e4ffa nycklar p\u00e5 hjul fem, nycklarna tar dig inte in i j\u00e4ttens grotta men dom \u00f6ppnar upp nya bonusfunktioner. De finns pengap\u00e5sar, h\u00f6nor och guldiga harpor, alla som \u00f6kar dina chanser f\u00f6r en vinst.<\/p>\n\n\n\n<h3 id=\"h-twin-spin\">Twin Spin<\/h3>\n\n\n\n<ul><li><strong>Hjul och vinstlinjer: <\/strong>5&#215;3 hjul, 243 vinstlinjer<\/li><li><strong>RTP:<\/strong> 96.56%<\/li><li><strong>Bonusfunktioner:<\/strong> Wild symboler and spegelhjul<\/li><\/ul>\n\n\n\n<p>Precis som Starburst \u00e4r Twin Spin en slot gjord p\u00e5 2000talet men den \u00e4r baserad p\u00e5 en klassisk design med Klockor och 7or. Tillsammans med gyllene klockor kommer du att hitta b\u00e4r, r\u00f6da sjuor, Bar sybomboler och Kortval\u00f6rer. Med ett neon tema som tar oss tillbaka till 80talet, hur som helst s\u00e5 ser de mer ut som ett party \u00e4n vad de l\u00e5ter. Med en bakgrundsmusik som l\u00e5ter lite som en gameshow.<\/p>\n\n\n\n<p>Musiken stiger endast i intensitet n\u00e4r hjulen kopplas ihop och g\u00e5r fortare och fortare, p\u00e5 varje spin s\u00e5 har du alltid tv\u00e5 hjul som sitter ihop och speglar varandra och visar samma symboler. Men p\u00e5 vilken spin som helst kan ett tredje, fj\u00e4rde och femte hjul spegla varandra. Denna funktion \u00e4r perfekt f\u00f6r att maximera dina vinster d\u00e5 de ger dig st\u00f6rre chans att landa en kombination av vinnande symboler. N\u00e4r alla dina 5hjul speglarna varandra kommer dina vinster att vara gigantiska!<\/p>\n","protected":false},"excerpt":{"rendered":"<p>NetEnt \u00e4r ett hush\u00e5llsnamn i casino v\u00e4rlden. De \u00e4r en EU slots utvecklare som har utvecklat slots f\u00f6r b\u00e5de landbaserade casinos&nbsp; och online casinos i \u00f6ver 20 \u00e5r. De \u00e4r en utvecklare som verkligen l\u00e4gger allt p\u00e5 grafiken. Nuf\u00f6rtiden hittar&nbsp; man allt f\u00f6r en ofta en ny slot som ser ut som den \u00e4r gjord [&hellip;]<\/p>\n","protected":false},"author":1,"featured_media":0,"parent":66,"menu_order":0,"comment_status":"closed","ping_status":"closed","template":"","meta":[],"yoast_head":"<!-- This site is optimized with the Yoast SEO Premium plugin v18.6 (Yoast SEO v19.0) - https:\/\/yoast.com\/wordpress\/plugins\/seo\/ -->\n<title>NetEnt | Top 3 Video Slot Games 2026 \u2013 EuSlots.com<\/title>\n<meta name=\"description\" content=\"EU Slots leverant\u00f6ren NetEnt. Utforska mer om NetEnt och deras 3 b\u00e4sta slots: Starburst, Jack &amp; the Beanstalk och Twin Spin.\" \/>\n<meta name=\"robots\" content=\"index, follow, max-snippet:-1, max-image-preview:large, max-video-preview:-1\" \/>\n<link rel=\"canonical\" href=\"https:\/\/www.euslots.com\/se\/eu-slots-spelleverantorer\/netent-slots\/\" \/>\n<meta property=\"og:locale\" content=\"en_US\" \/>\n<meta property=\"og:type\" content=\"article\" \/>\n<meta property=\"og:title\" content=\"NetEnt Slots\" \/>\n<meta property=\"og:description\" content=\"EU Slots leverant\u00f6ren NetEnt. Utforska mer om NetEnt och deras 3 b\u00e4sta slots: Starburst, Jack &amp; the Beanstalk och Twin Spin.\" \/>\n<meta property=\"og:url\" content=\"https:\/\/www.euslots.com\/se\/eu-slots-spelleverantorer\/netent-slots\/\" \/>\n<meta property=\"og:site_name\" content=\"EU Slots\" \/>\n<meta property=\"article:modified_time\" content=\"2020-10-29T15:49:07+00:00\" \/>\n<meta property=\"og:image\" content=\"https:\/\/www.euslots.com\/se\/wp-content\/uploads\/2020\/07\/netent-logo.png\" \/>\n<meta name=\"twitter:card\" content=\"summary_large_image\" \/>\n<meta name=\"twitter:label1\" content=\"Est. reading time\" \/>\n\t<meta name=\"twitter:data1\" content=\"4 minutes\" \/>\n<script type=\"application\/ld+json\" class=\"yoast-schema-graph\">{\"@context\":\"https:\/\/schema.org\",\"@graph\":[{\"@type\":\"WebSite\",\"@id\":\"https:\/\/www.euslots.com\/se\/#website\",\"url\":\"https:\/\/www.euslots.com\/se\/\",\"name\":\"EU Slots\",\"description\":\"\",\"potentialAction\":[{\"@type\":\"SearchAction\",\"target\":{\"@type\":\"EntryPoint\",\"urlTemplate\":\"https:\/\/www.euslots.com\/se\/?s={search_term_string}\"},\"query-input\":\"required name=search_term_string\"}],\"inLanguage\":\"en-US\"},{\"@type\":\"ImageObject\",\"inLanguage\":\"en-US\",\"@id\":\"https:\/\/www.euslots.com\/se\/eu-slots-spelleverantorer\/netent-slots\/#primaryimage\",\"url\":\"https:\/\/www.euslots.com\/se\/wp-content\/uploads\/2020\/07\/netent-logo.png\",\"contentUrl\":\"https:\/\/www.euslots.com\/se\/wp-content\/uploads\/2020\/07\/netent-logo.png\",\"width\":300,\"height\":159,\"caption\":\"netent\"},{\"@type\":\"WebPage\",\"@id\":\"https:\/\/www.euslots.com\/se\/eu-slots-spelleverantorer\/netent-slots\/#webpage\",\"url\":\"https:\/\/www.euslots.com\/se\/eu-slots-spelleverantorer\/netent-slots\/\",\"name\":\"NetEnt | Top 3 Video Slot Games 2026 \u2013 EuSlots.com\",\"isPartOf\":{\"@id\":\"https:\/\/www.euslots.com\/se\/#website\"},\"primaryImageOfPage\":{\"@id\":\"https:\/\/www.euslots.com\/se\/eu-slots-spelleverantorer\/netent-slots\/#primaryimage\"},\"datePublished\":\"2020-08-14T05:38:27+00:00\",\"dateModified\":\"2020-10-29T15:49:07+00:00\",\"description\":\"EU Slots leverant\u00f6ren NetEnt. Utforska mer om NetEnt och deras 3 b\u00e4sta slots: Starburst, Jack & the Beanstalk och Twin Spin.\",\"breadcrumb\":{\"@id\":\"https:\/\/www.euslots.com\/se\/eu-slots-spelleverantorer\/netent-slots\/#breadcrumb\"},\"inLanguage\":\"en-US\",\"potentialAction\":[{\"@type\":\"ReadAction\",\"target\":[\"https:\/\/www.euslots.com\/se\/eu-slots-spelleverantorer\/netent-slots\/\"]}]},{\"@type\":\"BreadcrumbList\",\"@id\":\"https:\/\/www.euslots.com\/se\/eu-slots-spelleverantorer\/netent-slots\/#breadcrumb\",\"itemListElement\":[{\"@type\":\"ListItem\",\"position\":1,\"name\":\"Home\",\"item\":\"https:\/\/www.euslots.com\/se\/\"},{\"@type\":\"ListItem\",\"position\":2,\"name\":\"EU Slot spelleverant\u00f6rer\",\"item\":\"https:\/\/www.euslots.com\/se\/eu-slots-spelleverantorer\/\"},{\"@type\":\"ListItem\",\"position\":3,\"name\":\"NetEnt Slots\"}]}]}<\/script>\n<!-- \/ Yoast SEO Premium plugin. -->","yoast_head_json":{"title":"NetEnt | Top 3 Video Slot Games 2026 \u2013 EuSlots.com","description":"EU Slots leverant\u00f6ren NetEnt. Utforska mer om NetEnt och deras 3 b\u00e4sta slots: Starburst, Jack & the Beanstalk och Twin Spin.","robots":{"index":"index","follow":"follow","max-snippet":"max-snippet:-1","max-image-preview":"max-image-preview:large","max-video-preview":"max-video-preview:-1"},"canonical":"https:\/\/www.euslots.com\/se\/eu-slots-spelleverantorer\/netent-slots\/","og_locale":"en_US","og_type":"article","og_title":"NetEnt Slots","og_description":"EU Slots leverant\u00f6ren NetEnt. Utforska mer om NetEnt och deras 3 b\u00e4sta slots: Starburst, Jack & the Beanstalk och Twin Spin.","og_url":"https:\/\/www.euslots.com\/se\/eu-slots-spelleverantorer\/netent-slots\/","og_site_name":"EU Slots","article_modified_time":"2020-10-29T15:49:07+00:00","og_image":[{"url":"https:\/\/www.euslots.com\/se\/wp-content\/uploads\/2020\/07\/netent-logo.png"}],"twitter_card":"summary_large_image","twitter_misc":{"Est. reading time":"4 minutes"},"schema":{"@context":"https:\/\/schema.org","@graph":[{"@type":"WebSite","@id":"https:\/\/www.euslots.com\/se\/#website","url":"https:\/\/www.euslots.com\/se\/","name":"EU Slots","description":"","potentialAction":[{"@type":"SearchAction","target":{"@type":"EntryPoint","urlTemplate":"https:\/\/www.euslots.com\/se\/?s={search_term_string}"},"query-input":"required name=search_term_string"}],"inLanguage":"en-US"},{"@type":"ImageObject","inLanguage":"en-US","@id":"https:\/\/www.euslots.com\/se\/eu-slots-spelleverantorer\/netent-slots\/#primaryimage","url":"https:\/\/www.euslots.com\/se\/wp-content\/uploads\/2020\/07\/netent-logo.png","contentUrl":"https:\/\/www.euslots.com\/se\/wp-content\/uploads\/2020\/07\/netent-logo.png","width":300,"height":159,"caption":"netent"},{"@type":"WebPage","@id":"https:\/\/www.euslots.com\/se\/eu-slots-spelleverantorer\/netent-slots\/#webpage","url":"https:\/\/www.euslots.com\/se\/eu-slots-spelleverantorer\/netent-slots\/","name":"NetEnt | Top 3 Video Slot Games 2026 \u2013 EuSlots.com","isPartOf":{"@id":"https:\/\/www.euslots.com\/se\/#website"},"primaryImageOfPage":{"@id":"https:\/\/www.euslots.com\/se\/eu-slots-spelleverantorer\/netent-slots\/#primaryimage"},"datePublished":"2020-08-14T05:38:27+00:00","dateModified":"2020-10-29T15:49:07+00:00","description":"EU Slots leverant\u00f6ren NetEnt. Utforska mer om NetEnt och deras 3 b\u00e4sta slots: Starburst, Jack & the Beanstalk och Twin Spin.","breadcrumb":{"@id":"https:\/\/www.euslots.com\/se\/eu-slots-spelleverantorer\/netent-slots\/#breadcrumb"},"inLanguage":"en-US","potentialAction":[{"@type":"ReadAction","target":["https:\/\/www.euslots.com\/se\/eu-slots-spelleverantorer\/netent-slots\/"]}]},{"@type":"BreadcrumbList","@id":"https:\/\/www.euslots.com\/se\/eu-slots-spelleverantorer\/netent-slots\/#breadcrumb","itemListElement":[{"@type":"ListItem","position":1,"name":"Home","item":"https:\/\/www.euslots.com\/se\/"},{"@type":"ListItem","position":2,"name":"EU Slot spelleverant\u00f6rer","item":"https:\/\/www.euslots.com\/se\/eu-slots-spelleverantorer\/"},{"@type":"ListItem","position":3,"name":"NetEnt Slots"}]}]}},"_links":{"self":[{"href":"https:\/\/www.euslots.com\/se\/wp-json\/wp\/v2\/pages\/121"}],"collection":[{"href":"https:\/\/www.euslots.com\/se\/wp-json\/wp\/v2\/pages"}],"about":[{"href":"https:\/\/www.euslots.com\/se\/wp-json\/wp\/v2\/types\/page"}],"author":[{"embeddable":true,"href":"https:\/\/www.euslots.com\/se\/wp-json\/wp\/v2\/users\/1"}],"replies":[{"embeddable":true,"href":"https:\/\/www.euslots.com\/se\/wp-json\/wp\/v2\/comments?post=121"}],"version-history":[{"count":21,"href":"https:\/\/www.euslots.com\/se\/wp-json\/wp\/v2\/pages\/121\/revisions"}],"predecessor-version":[{"id":394,"href":"https:\/\/www.euslots.com\/se\/wp-json\/wp\/v2\/pages\/121\/revisions\/394"}],"up":[{"embeddable":true,"href":"https:\/\/www.euslots.com\/se\/wp-json\/wp\/v2\/pages\/66"}],"wp:attachment":[{"href":"https:\/\/www.euslots.com\/se\/wp-json\/wp\/v2\/media?parent=121"}],"curies":[{"name":"wp","href":"https:\/\/api.w.org\/{rel}","templated":true}]}}